{"id":3871,"date":"2025-06-17T17:42:32","date_gmt":"2025-06-17T17:42:32","guid":{"rendered":"https:\/\/www.l\u00f6wenstarkdurchsleben.at\/?page_id=3871"},"modified":"2026-03-23T11:00:26","modified_gmt":"2026-03-23T11:00:26","slug":"agbs","status":"publish","type":"page","link":"https:\/\/www.l\u00f6wenstarkdurchsleben.at\/?page_id=3871","title":{"rendered":"AGBs"},"content":{"rendered":"\t\t<div data-elementor-type=\"wp-page\" data-elementor-id=\"3871\" class=\"elementor elementor-3871\">\n\t\t\t\t\t\t<section class=\"elementor-section elementor-top-section elementor-element elementor-element-7948cd8 elementor-section-full_width elementor-section-height-default elementor-section-height-default\" data-id=\"7948cd8\" data-element_type=\"section\">\n\t\t\t\t\t\t<div class=\"elementor-container elementor-column-gap-default\">\n\t\t\t\t\t<div class=\"elementor-column elementor-col-100 elementor-top-column elementor-element elementor-element-d815c49\" data-id=\"d815c49\" data-element_type=\"column\">\n\t\t\t<div class=\"elementor-widget-wrap elementor-element-populated\">\n\t\t\t\t\t\t<div class=\"elementor-element elementor-element-47109a7 elementor-widget elementor-widget-heading\" data-id=\"47109a7\" data-element_type=\"widget\" data-widget_type=\"heading.default\">\n\t\t\t\t<div class=\"elementor-widget-container\">\n\t\t\t<style>\/*! elementor - v3.19.0 - 28-02-2024 *\/\n.elementor-heading-title{padding:0;margin:0;line-height:1}.elementor-widget-heading .elementor-heading-title[class*=elementor-size-]>a{color:inherit;font-size:inherit;line-height:inherit}.elementor-widget-heading .elementor-heading-title.elementor-size-small{font-size:15px}.elementor-widget-heading .elementor-heading-title.elementor-size-medium{font-size:19px}.elementor-widget-heading .elementor-heading-title.elementor-size-large{font-size:29px}.elementor-widget-heading .elementor-heading-title.elementor-size-xl{font-size:39px}.elementor-widget-heading .elementor-heading-title.elementor-size-xxl{font-size:59px}<\/style><h2 class=\"elementor-heading-title elementor-size-default\">Allgemeine GEsch\u00e4ftsbedingungen (AGB)<\/h2>\t\t<\/div>\n\t\t\t\t<\/div>\n\t\t\t\t\t<\/div>\n\t\t<\/div>\n\t\t\t\t\t<\/div>\n\t\t<\/section>\n\t\t\t\t<section class=\"elementor-section elementor-top-section elementor-element elementor-element-4d58321 elementor-section-boxed elementor-section-height-default elementor-section-height-default\" data-id=\"4d58321\" data-element_type=\"section\">\n\t\t\t\t\t\t<div class=\"elementor-container elementor-column-gap-default\">\n\t\t\t\t\t<div class=\"elementor-column elementor-col-100 elementor-top-column elementor-element elementor-element-7f5692e\" data-id=\"7f5692e\" data-element_type=\"column\">\n\t\t\t<div class=\"elementor-widget-wrap elementor-element-populated\">\n\t\t\t\t\t\t<div class=\"elementor-element elementor-element-c6c4ecb elementor-widget elementor-widget-text-editor\" data-id=\"c6c4ecb\" data-element_type=\"widget\" data-widget_type=\"text-editor.default\">\n\t\t\t\t<div class=\"elementor-widget-container\">\n\t\t\t<style>\/*! elementor - v3.19.0 - 28-02-2024 *\/\n.elementor-widget-text-editor.elementor-drop-cap-view-stacked .elementor-drop-cap{background-color:#69727d;color:#fff}.elementor-widget-text-editor.elementor-drop-cap-view-framed .elementor-drop-cap{color:#69727d;border:3px solid;background-color:transparent}.elementor-widget-text-editor:not(.elementor-drop-cap-view-default) .elementor-drop-cap{margin-top:8px}.elementor-widget-text-editor:not(.elementor-drop-cap-view-default) .elementor-drop-cap-letter{width:1em;height:1em}.elementor-widget-text-editor .elementor-drop-cap{float:left;text-align:center;line-height:1;font-size:50px}.elementor-widget-text-editor .elementor-drop-cap-letter{display:inline-block}<\/style>\t\t\t\t<p>L\u00f6wenstark durchs Leben \u2013 Julia Weigmann<br>Stand: 01.01.2025<\/p>\n<p>&#8212;<\/p>\n<p><strong>1. Geltungsbereich<\/strong><\/p>\n<p>Diese Allgemeinen Gesch\u00e4ftsbedingungen (AGB) gelten f\u00fcr alle Leistungen, die von Julia Weigmann \u2013 L\u00f6wenstark durchs Leben \u2013 gegen\u00fcber Kund:innen erbracht werden, insbesondere im Rahmen psychologischer Beratung, energetischer Begleitung, Coachings, Einzel- und Gruppensitzungen, Workshops, Gruppenkursen sowie Online-Angeboten.<\/p>\n<p>Mit der Buchung einer Leistung gelten diese AGB als verbindlich vereinbart.<\/p>\n<p>&#8212;<\/p>\n<p><strong>2. Art der Leistung<\/strong><\/p>\n<p>Die angebotenen Leistungen dienen der pers\u00f6nlichen Entwicklung, mentalen und emotionalen Unterst\u00fctzung sowie der St\u00e4rkung der Selbstreflexion und Eigenverantwortung.<\/p>\n<p>Es handelt sich um psychologische Beratung und Begleitung als Lebens- und Sozialberaterin gem\u00e4\u00df Gewerbeordnung (\u00a7\u202f119 GewO 1994) und Humanenergetik (Freies Gewerbe) &#8211; KEINE Psychotherapie oder medizinische Behandlung. Die Angebote ersetzen keine \u00e4rztliche Diagnose, Psychotherapie oder medizinische Behandlung<\/p>\n<p>&#8212;<\/p>\n<p><strong>3. Vertragsschluss und Buchung<\/strong><\/p>\n<p>Ein Vertrag kommt zustande durch:<\/p>\n<p>* schriftliche Terminvereinbarung (E-Mail, Kontaktformular, Messenger, SMS, WhatsApp,..)<\/p>\n<p>* Online-Buchung eines Angebots<\/p>\n<p>* pers\u00f6nliche Vereinbarung vor Ort<\/p>\n<p>Mit Buchung akzeptieren Kund:innen diese AGB. Eine Teilnahme ist nur vollj\u00e4hrigen Personen gestattet oder in Absprache und mit Einwilligung eines Erziehungsberechtigten.<\/p>\n<p>&#8212;<\/p>\n<p><strong>4. Leistungsumfang und Dauer<\/strong><\/p>\n<p>Art, Inhalt und Dauer der jeweiligen Leistung ergeben sich aus dem ver\u00f6ffentlichten Angebot (Website, Social Media, pers\u00f6nliches Vorgespr\u00e4ch). Die Dauer kann je nach individuellem Prozess variieren.<\/p>\n<p>Die erbrachte Leistung findet online oder vor Ort in Niederhollabrunn statt, sofern nichts anderes vereinbart ist.<\/p>\n<p>&#8212;<\/p>\n<p><strong>5. Preise und Zahlungsbedingungen<\/strong><\/p>\n<p>Die jeweils g\u00fcltigen Preise sind auf der Website ver\u00f6ffentlicht oder werden im pers\u00f6nlichen Vorgespr\u00e4ch mitgeteilt.<\/p>\n<p>Alle Preise verstehen sich in Euro und gem\u00e4\u00df \u00a7\u202f6 Abs.\u202f1 Z\u202f27 UStG ohne Umsatzsteuer (Kleinunternehmerregelung).<\/p>\n<p>Die Zahlung erfolgt:<br>Einzelsitzungen<\/p>\n<p>* per \u00dcberweisung im Anschluss mit Rechnung<br>* oder in bar vor Ort<\/p>\n<p>Bei Gruppenangeboten:<\/p>\n<p>* per \u00dcberweisung im Voraus (Gruppenangebote)<\/p>\n<p>(Ratenzahlung bei Paketen nach individueller Absprache m\u00f6glich)<\/p>\n<p>&#8212;<\/p>\n<p><strong>6. Stornobedingungen \/ Terminabsagen<\/strong><\/p>\n<p><em>a) Einzelsitzungen (1:1 Beratungen, Coachings, Cranio-Sacrale Balance)<\/em><\/p>\n<p>Terminabsagen sind bis 24 Stunden vor dem vereinbarten Termin kostenfrei m\u00f6glich.<br>Bei kurzfristigeren Absagen f\u00e4llt eine Ausfallpauschale von 40,00\u20ac an.<\/p>\n<p>Bei Nichterscheinen wird das volle Honorar f\u00e4llig \u2013 au\u00dfer bei nachweisbarem Notfall.<\/p>\n<p><em>b) Gruppenangebote (Workshops, Kurse, Retreats etc.)<\/em><\/p>\n<p>Bei R\u00fccktritt von einem gebuchten Gruppenangebot gelten folgende Stornobedingungen:<\/p>\n<p>bis 14 Tage vor Beginn: kostenfreie Stornierung<\/p>\n<p>13 bis 7 Tage vor Beginn: 50\u202f% der Teilnahmegeb\u00fchr<\/p>\n<p>weniger als 7 Tage vor Beginn oder Nichterscheinen: 100\u202f% der Teilnahmegeb\u00fchr<\/p>\n<p>Eine Ersatzteilnehmerin kann kostenfrei gestellt werden, wenn sie geeignet und rechtzeitig bekannt gegeben wird.<\/p>\n<p>Eine R\u00fcckerstattung bei kurzfristigem Ausfall oder nur teilweiser Teilnahme ist nicht m\u00f6glich.<\/p>\n<p>Im Krankheitsfall oder bei au\u00dfergew\u00f6hnlichen Umst\u00e4nden kann nach Absprache eine Gutschrift f\u00fcr ein anderes Angebot erfolgen \u2013 ein Rechtsanspruch darauf besteht nicht.<\/p>\n<p>&#8212;<\/p>\n<p><strong>7. Haftungsausschluss<\/strong><\/p>\n<p>Die Teilnahme erfolgt auf eigene Verantwortung. Es wird keine Haftung f\u00fcr Sch\u00e4den jeglicher Art \u00fcbernommen, die im Rahmen der Beratung oder durch Anwendung der vermittelten Inhalte entstehen.<\/p>\n<p>Die Inanspruchnahme der Leistungen ersetzt keine \u00e4rztliche, psychologische oder psychotherapeutische Behandlung. Bei k\u00f6rperlichen oder psychischen Beschwerden wird ausdr\u00fccklich geraten, \u00e4rztliche Hilfe in Anspruch zu nehmen.<\/p>\n<p>&#8212;<\/p>\n<p><strong>8. Vertraulichkeit und Schweigepflicht<\/strong><\/p>\n<p>Alle Inhalte der Sitzungen sowie pers\u00f6nliche Daten werden absolut vertraulich behandelt und nicht an Dritte weitergegeben.<\/p>\n<p>Ausnahmen gelten nur bei gesetzlicher Offenlegungspflicht (z.\u202fB. akute Selbst- oder Fremdgef\u00e4hrdung).<\/p>\n<p>&#8212;<\/p>\n<p><strong>9. Datenschutz<\/strong><\/p>\n<p>Personenbezogene Daten werden ausschlie\u00dflich zur Vertragserf\u00fcllung und Kundenbetreuung verwendet. Es gelten die Bestimmungen der Datenschutzerkl\u00e4rung auf der Website.<\/p>\n<p>&#8212;<\/p>\n<p><strong>10. Urheberrecht<\/strong><\/p>\n<p>Alle verwendeten Inhalte, Arbeitsmaterialien, Texte und Methoden unterliegen dem Urheberrecht. Eine Vervielf\u00e4ltigung, Verbreitung oder Weitergabe ohne ausdr\u00fcckliche Zustimmung ist nicht gestattet.<\/p>\n<p>&#8212;<\/p>\n<p><strong>11. Gerichtsstand und Rechtswahl<\/strong><\/p>\n<p>Es gilt das Recht der Republik \u00d6sterreich. Gerichtsstand ist das sachlich zust\u00e4ndige Gericht am Wohnsitz der Anbieterin, sofern keine zwingenden gesetzlichen Bestimmungen entgegenstehen.<\/p>\n<p>&#8212;<\/p>\n<p><strong>12. Schlussbestimmungen<\/strong><\/p>\n<p>Sollten einzelne Bestimmungen dieser AGB unwirksam sein oder werden, bleibt die G\u00fcltigkeit der \u00fcbrigen Regelungen unber\u00fchrt. \u00c4nderungen und Erg\u00e4nzungen bed\u00fcrfen der Schriftform.<\/p>\n<p>&#8212;<\/p>\n<p><strong>Kontakt &amp; Anbieterin:<\/strong><br>Julia Weigmann<br>L\u00f6wenstark durchs Leben<br>Jan Mikkenie Stra\u00dfe 14<br>2004 Niederhollabrunn<br>Telefon: 0699\/12608578<br>E-Mail: julia.weigmann@gmx.at<br>Web:&nbsp;<a href=\"https:\/\/deref-gmx.net\/mail\/client\/PpQxrA9IDR8\/dereferrer\/?redirectUrl=http%3A%2F%2Fwww.l%C3%B6wenstarkdurchsleben.at\" target=\"_blank\" rel=\"noopener\">www.l\u00f6wenstarkdurchsleben.at<\/a><\/p>\t\t\t\t\t\t<\/div>\n\t\t\t\t<\/div>\n\t\t\t\t\t<\/div>\n\t\t<\/div>\n\t\t\t\t\t<\/div>\n\t\t<\/section>\n\t\t\t\t<\/div>\n\t\t","protected":false},"excerpt":{"rendered":"<p>Allgemeine GEsch\u00e4ftsbedingungen (AGB) L\u00f6wenstark durchs Leben \u2013 Julia WeigmannStand: 01.01.2025 &#8212; 1. Geltungsbereich Diese Allgemeinen Gesch\u00e4ftsbedingungen (AGB) gelten f\u00fcr alle Leistungen, die von Julia Weigmann \u2013 L\u00f6wenstark durchs Leben \u2013 gegen\u00fcber Kund:innen erbracht werden, insbesondere im Rahmen psychologischer Beratung, energetischer Begleitung, Coachings, Einzel- und Gruppensitzungen, Workshops, Gruppenkursen sowie Online-Angeboten. Mit der Buchung einer Leistung gelten [&hellip;]<\/p>\n","protected":false},"author":2,"featured_media":0,"parent":0,"menu_order":0,"comment_status":"closed","ping_status":"closed","template":"","meta":{"footnotes":""},"class_list":["post-3871","page","type-page","status-publish","hentry"],"yoast_head":"<!-- This site is optimized with the Yoast SEO plugin v25.2 - https:\/\/yoast.com\/wordpress\/plugins\/seo\/ -->\n<title>AGBs - L\u00f6wenstark durch&#039;s Leben<\/title>\n<meta name=\"robots\" content=\"index, follow, max-snippet:-1, max-image-preview:large, max-video-preview:-1\" \/>\n<link rel=\"canonical\" href=\"https:\/\/www.l\u00f6wenstarkdurchsleben.at\/?page_id=3871\" \/>\n<meta property=\"og:locale\" content=\"de_DE\" \/>\n<meta property=\"og:type\" content=\"article\" \/>\n<meta property=\"og:title\" content=\"AGBs - L\u00f6wenstark durch&#039;s Leben\" \/>\n<meta property=\"og:description\" content=\"Allgemeine GEsch\u00e4ftsbedingungen (AGB) L\u00f6wenstark durchs Leben \u2013 Julia WeigmannStand: 01.01.2025 &#8212; 1. Geltungsbereich Diese Allgemeinen Gesch\u00e4ftsbedingungen (AGB) gelten f\u00fcr alle Leistungen, die von Julia Weigmann \u2013 L\u00f6wenstark durchs Leben \u2013 gegen\u00fcber Kund:innen erbracht werden, insbesondere im Rahmen psychologischer Beratung, energetischer Begleitung, Coachings, Einzel- und Gruppensitzungen, Workshops, Gruppenkursen sowie Online-Angeboten. Mit der Buchung einer Leistung gelten [&hellip;]\" \/>\n<meta property=\"og:url\" content=\"https:\/\/www.l\u00f6wenstarkdurchsleben.at\/?page_id=3871\" \/>\n<meta property=\"og:site_name\" content=\"L\u00f6wenstark durch&#039;s Leben\" \/>\n<meta property=\"article:modified_time\" content=\"2026-03-23T11:00:26+00:00\" \/>\n<meta name=\"twitter:card\" content=\"summary_large_image\" \/>\n<meta name=\"twitter:label1\" content=\"Gesch\u00e4tzte Lesezeit\" \/>\n\t<meta name=\"twitter:data1\" content=\"4\u00a0Minuten\" \/>\n<script type=\"application\/ld+json\" class=\"yoast-schema-graph\">{\"@context\":\"https:\/\/schema.org\",\"@graph\":[{\"@type\":\"WebPage\",\"@id\":\"https:\/\/www.l\u00f6wenstarkdurchsleben.at\/?page_id=3871\",\"url\":\"https:\/\/www.l\u00f6wenstarkdurchsleben.at\/?page_id=3871\",\"name\":\"AGBs - L\u00f6wenstark durch&#039;s Leben\",\"isPartOf\":{\"@id\":\"https:\/\/www.l\u00f6wenstarkdurchsleben.at\/#website\"},\"datePublished\":\"2025-06-17T17:42:32+00:00\",\"dateModified\":\"2026-03-23T11:00:26+00:00\",\"breadcrumb\":{\"@id\":\"https:\/\/www.l\u00f6wenstarkdurchsleben.at\/?page_id=3871#breadcrumb\"},\"inLanguage\":\"de\",\"potentialAction\":[{\"@type\":\"ReadAction\",\"target\":[\"https:\/\/www.l\u00f6wenstarkdurchsleben.at\/?page_id=3871\"]}]},{\"@type\":\"BreadcrumbList\",\"@id\":\"https:\/\/www.l\u00f6wenstarkdurchsleben.at\/?page_id=3871#breadcrumb\",\"itemListElement\":[{\"@type\":\"ListItem\",\"position\":1,\"name\":\"Startseite\",\"item\":\"https:\/\/www.l\u00f6wenstarkdurchsleben.at\/\"},{\"@type\":\"ListItem\",\"position\":2,\"name\":\"AGBs\"}]},{\"@type\":\"WebSite\",\"@id\":\"https:\/\/www.l\u00f6wenstarkdurchsleben.at\/#website\",\"url\":\"https:\/\/www.l\u00f6wenstarkdurchsleben.at\/\",\"name\":\"L\u00f6wenstark durchs Leben\",\"description\":\"Julia Weigmann\",\"publisher\":{\"@id\":\"https:\/\/www.l\u00f6wenstarkdurchsleben.at\/#\/schema\/person\/ce480c8fd6e981338421475e7a3509ab\"},\"potentialAction\":[{\"@type\":\"SearchAction\",\"target\":{\"@type\":\"EntryPoint\",\"urlTemplate\":\"https:\/\/www.l\u00f6wenstarkdurchsleben.at\/?s={search_term_string}\"},\"query-input\":{\"@type\":\"PropertyValueSpecification\",\"valueRequired\":true,\"valueName\":\"search_term_string\"}}],\"inLanguage\":\"de\"},{\"@type\":[\"Person\",\"Organization\"],\"@id\":\"https:\/\/www.l\u00f6wenstarkdurchsleben.at\/#\/schema\/person\/ce480c8fd6e981338421475e7a3509ab\",\"name\":\"drajul\",\"image\":{\"@type\":\"ImageObject\",\"inLanguage\":\"de\",\"@id\":\"https:\/\/www.l\u00f6wenstarkdurchsleben.at\/#\/schema\/person\/image\/\",\"url\":\"https:\/\/xn--lwenstarkdurchsleben-39b.at\/wp-content\/uploads\/2021\/10\/Screenshot_20210805-082837_Chrome-Photoroom.png-Photoroom.png\",\"contentUrl\":\"https:\/\/xn--lwenstarkdurchsleben-39b.at\/wp-content\/uploads\/2021\/10\/Screenshot_20210805-082837_Chrome-Photoroom.png-Photoroom.png\",\"width\":1080,\"height\":1153,\"caption\":\"drajul\"},\"logo\":{\"@id\":\"https:\/\/www.l\u00f6wenstarkdurchsleben.at\/#\/schema\/person\/image\/\"}}]}<\/script>\n<!-- \/ Yoast SEO plugin. -->","yoast_head_json":{"title":"AGBs - L\u00f6wenstark durch&#039;s Leben","robots":{"index":"index","follow":"follow","max-snippet":"max-snippet:-1","max-image-preview":"max-image-preview:large","max-video-preview":"max-video-preview:-1"},"canonical":"https:\/\/www.l\u00f6wenstarkdurchsleben.at\/?page_id=3871","og_locale":"de_DE","og_type":"article","og_title":"AGBs - L\u00f6wenstark durch&#039;s Leben","og_description":"Allgemeine GEsch\u00e4ftsbedingungen (AGB) L\u00f6wenstark durchs Leben \u2013 Julia WeigmannStand: 01.01.2025 &#8212; 1. Geltungsbereich Diese Allgemeinen Gesch\u00e4ftsbedingungen (AGB) gelten f\u00fcr alle Leistungen, die von Julia Weigmann \u2013 L\u00f6wenstark durchs Leben \u2013 gegen\u00fcber Kund:innen erbracht werden, insbesondere im Rahmen psychologischer Beratung, energetischer Begleitung, Coachings, Einzel- und Gruppensitzungen, Workshops, Gruppenkursen sowie Online-Angeboten. Mit der Buchung einer Leistung gelten [&hellip;]","og_url":"https:\/\/www.l\u00f6wenstarkdurchsleben.at\/?page_id=3871","og_site_name":"L\u00f6wenstark durch&#039;s Leben","article_modified_time":"2026-03-23T11:00:26+00:00","twitter_card":"summary_large_image","twitter_misc":{"Gesch\u00e4tzte Lesezeit":"4\u00a0Minuten"},"schema":{"@context":"https:\/\/schema.org","@graph":[{"@type":"WebPage","@id":"https:\/\/www.l\u00f6wenstarkdurchsleben.at\/?page_id=3871","url":"https:\/\/www.l\u00f6wenstarkdurchsleben.at\/?page_id=3871","name":"AGBs - L\u00f6wenstark durch&#039;s Leben","isPartOf":{"@id":"https:\/\/www.l\u00f6wenstarkdurchsleben.at\/#website"},"datePublished":"2025-06-17T17:42:32+00:00","dateModified":"2026-03-23T11:00:26+00:00","breadcrumb":{"@id":"https:\/\/www.l\u00f6wenstarkdurchsleben.at\/?page_id=3871#breadcrumb"},"inLanguage":"de","potentialAction":[{"@type":"ReadAction","target":["https:\/\/www.l\u00f6wenstarkdurchsleben.at\/?page_id=3871"]}]},{"@type":"BreadcrumbList","@id":"https:\/\/www.l\u00f6wenstarkdurchsleben.at\/?page_id=3871#breadcrumb","itemListElement":[{"@type":"ListItem","position":1,"name":"Startseite","item":"https:\/\/www.l\u00f6wenstarkdurchsleben.at\/"},{"@type":"ListItem","position":2,"name":"AGBs"}]},{"@type":"WebSite","@id":"https:\/\/www.l\u00f6wenstarkdurchsleben.at\/#website","url":"https:\/\/www.l\u00f6wenstarkdurchsleben.at\/","name":"L\u00f6wenstark durchs Leben","description":"Julia Weigmann","publisher":{"@id":"https:\/\/www.l\u00f6wenstarkdurchsleben.at\/#\/schema\/person\/ce480c8fd6e981338421475e7a3509ab"},"potentialAction":[{"@type":"SearchAction","target":{"@type":"EntryPoint","urlTemplate":"https:\/\/www.l\u00f6wenstarkdurchsleben.at\/?s={search_term_string}"},"query-input":{"@type":"PropertyValueSpecification","valueRequired":true,"valueName":"search_term_string"}}],"inLanguage":"de"},{"@type":["Person","Organization"],"@id":"https:\/\/www.l\u00f6wenstarkdurchsleben.at\/#\/schema\/person\/ce480c8fd6e981338421475e7a3509ab","name":"drajul","image":{"@type":"ImageObject","inLanguage":"de","@id":"https:\/\/www.l\u00f6wenstarkdurchsleben.at\/#\/schema\/person\/image\/","url":"https:\/\/xn--lwenstarkdurchsleben-39b.at\/wp-content\/uploads\/2021\/10\/Screenshot_20210805-082837_Chrome-Photoroom.png-Photoroom.png","contentUrl":"https:\/\/xn--lwenstarkdurchsleben-39b.at\/wp-content\/uploads\/2021\/10\/Screenshot_20210805-082837_Chrome-Photoroom.png-Photoroom.png","width":1080,"height":1153,"caption":"drajul"},"logo":{"@id":"https:\/\/www.l\u00f6wenstarkdurchsleben.at\/#\/schema\/person\/image\/"}}]}},"_links":{"self":[{"href":"https:\/\/www.l\u00f6wenstarkdurchsleben.at\/index.php?rest_route=\/wp\/v2\/pages\/3871","targetHints":{"allow":["GET"]}}],"collection":[{"href":"https:\/\/www.l\u00f6wenstarkdurchsleben.at\/index.php?rest_route=\/wp\/v2\/pages"}],"about":[{"href":"https:\/\/www.l\u00f6wenstarkdurchsleben.at\/index.php?rest_route=\/wp\/v2\/types\/page"}],"author":[{"embeddable":true,"href":"https:\/\/www.l\u00f6wenstarkdurchsleben.at\/index.php?rest_route=\/wp\/v2\/users\/2"}],"replies":[{"embeddable":true,"href":"https:\/\/www.l\u00f6wenstarkdurchsleben.at\/index.php?rest_route=%2Fwp%2Fv2%2Fcomments&post=3871"}],"version-history":[{"count":6,"href":"https:\/\/www.l\u00f6wenstarkdurchsleben.at\/index.php?rest_route=\/wp\/v2\/pages\/3871\/revisions"}],"predecessor-version":[{"id":4674,"href":"https:\/\/www.l\u00f6wenstarkdurchsleben.at\/index.php?rest_route=\/wp\/v2\/pages\/3871\/revisions\/4674"}],"wp:attachment":[{"href":"https:\/\/www.l\u00f6wenstarkdurchsleben.at\/index.php?rest_route=%2Fwp%2Fv2%2Fmedia&parent=3871"}],"curies":[{"name":"wp","href":"https:\/\/api.w.org\/{rel}","templated":true}]}}