{"id":3681,"date":"2025-01-10T07:51:48","date_gmt":"2025-01-10T07:51:48","guid":{"rendered":"https:\/\/xn--lwenstarkdurchsleben-39b.at\/?page_id=3681"},"modified":"2025-11-28T19:27:03","modified_gmt":"2025-11-28T19:27:03","slug":"frauenkreis-werdende-mama","status":"publish","type":"page","link":"https:\/\/www.l\u00f6wenstarkdurchsleben.at\/?page_id=3681","title":{"rendered":"Frauenkreis f\u00fcr werdende Mamis"},"content":{"rendered":"\t\t<div data-elementor-type=\"wp-page\" data-elementor-id=\"3681\" class=\"elementor elementor-3681\">\n\t\t\t\t\t\t<section class=\"elementor-section elementor-top-section elementor-element elementor-element-72ea6e5 elementor-section-full_width elementor-section-height-default elementor-section-height-default\" data-id=\"72ea6e5\" data-element_type=\"section\">\n\t\t\t\t\t\t<div class=\"elementor-container elementor-column-gap-default\">\n\t\t\t\t\t<div class=\"elementor-column elementor-col-100 elementor-top-column elementor-element elementor-element-20d7302\" data-id=\"20d7302\" data-element_type=\"column\">\n\t\t\t<div class=\"elementor-widget-wrap elementor-element-populated\">\n\t\t\t\t\t\t<div class=\"elementor-element elementor-element-bb0c52d elementor-widget elementor-widget-heading\" data-id=\"bb0c52d\" data-element_type=\"widget\" data-widget_type=\"heading.default\">\n\t\t\t\t<div class=\"elementor-widget-container\">\n\t\t\t<style>\/*! elementor - v3.19.0 - 28-02-2024 *\/\n.elementor-heading-title{padding:0;margin:0;line-height:1}.elementor-widget-heading .elementor-heading-title[class*=elementor-size-]>a{color:inherit;font-size:inherit;line-height:inherit}.elementor-widget-heading .elementor-heading-title.elementor-size-small{font-size:15px}.elementor-widget-heading .elementor-heading-title.elementor-size-medium{font-size:19px}.elementor-widget-heading .elementor-heading-title.elementor-size-large{font-size:29px}.elementor-widget-heading .elementor-heading-title.elementor-size-xl{font-size:39px}.elementor-widget-heading .elementor-heading-title.elementor-size-xxl{font-size:59px}<\/style><h2 class=\"elementor-heading-title elementor-size-default\">Roots of Motherhood - Frauenkreis f\u00fcr werdende Mamis<\/h2>\t\t<\/div>\n\t\t\t\t<\/div>\n\t\t\t\t<div class=\"elementor-element elementor-element-5222864 elementor-widget elementor-widget-heading\" data-id=\"5222864\" data-element_type=\"widget\" data-widget_type=\"heading.default\">\n\t\t\t\t<div class=\"elementor-widget-container\">\n\t\t\t<h2 class=\"elementor-heading-title elementor-size-default\">In den Wurzeln liegt die Kraft \u2013 finde Halt, Vertrauen und Verbindung auf deinem authentischen Weg in die Mutterschaft<\/h2>\t\t<\/div>\n\t\t\t\t<\/div>\n\t\t\t\t\t<\/div>\n\t\t<\/div>\n\t\t\t\t\t<\/div>\n\t\t<\/section>\n\t\t\t\t<section class=\"elementor-section elementor-top-section elementor-element elementor-element-e618d93 elementor-section-full_width elementor-section-height-default elementor-section-height-default\" data-id=\"e618d93\" data-element_type=\"section\">\n\t\t\t\t\t\t<div class=\"elementor-container elementor-column-gap-default\">\n\t\t\t\t\t<div class=\"elementor-column elementor-col-50 elementor-top-column elementor-element elementor-element-ab18b80\" data-id=\"ab18b80\" data-element_type=\"column\">\n\t\t\t<div class=\"elementor-widget-wrap elementor-element-populated\">\n\t\t\t\t\t\t<div class=\"elementor-element elementor-element-114783b elementor-widget elementor-widget-image\" data-id=\"114783b\" data-element_type=\"widget\" data-widget_type=\"image.default\">\n\t\t\t\t<div class=\"elementor-widget-container\">\n\t\t\t<style>\/*! elementor - v3.19.0 - 28-02-2024 *\/\n.elementor-widget-image{text-align:center}.elementor-widget-image a{display:inline-block}.elementor-widget-image a img[src$=\".svg\"]{width:48px}.elementor-widget-image img{vertical-align:middle;display:inline-block}<\/style>\t\t\t\t\t\t\t\t\t\t<img fetchpriority=\"high\" decoding=\"async\" width=\"724\" height=\"1024\" src=\"https:\/\/www.l\u00f6wenstarkdurchsleben.at\/wp-content\/uploads\/2025\/01\/1736493969834-min1-724x1024.png\" class=\"attachment-large size-large wp-image-3684\" alt=\"\" srcset=\"https:\/\/www.l\u00f6wenstarkdurchsleben.at\/wp-content\/uploads\/2025\/01\/1736493969834-min1-724x1024.png 724w, https:\/\/www.l\u00f6wenstarkdurchsleben.at\/wp-content\/uploads\/2025\/01\/1736493969834-min1-212x300.png 212w, https:\/\/www.l\u00f6wenstarkdurchsleben.at\/wp-content\/uploads\/2025\/01\/1736493969834-min1-768x1086.png 768w, https:\/\/www.l\u00f6wenstarkdurchsleben.at\/wp-content\/uploads\/2025\/01\/1736493969834-min1-1086x1536.png 1086w, https:\/\/www.l\u00f6wenstarkdurchsleben.at\/wp-content\/uploads\/2025\/01\/1736493969834-min1.png 1414w\" sizes=\"(max-width: 724px) 100vw, 724px\" \/>\t\t\t\t\t\t\t\t\t\t\t\t\t<\/div>\n\t\t\t\t<\/div>\n\t\t\t\t\t<\/div>\n\t\t<\/div>\n\t\t\t\t<div class=\"elementor-column elementor-col-50 elementor-top-column elementor-element elementor-element-a6917bc\" data-id=\"a6917bc\" data-element_type=\"column\">\n\t\t\t<div class=\"elementor-widget-wrap elementor-element-populated\">\n\t\t\t\t\t\t<div class=\"elementor-element elementor-element-ea1a21a elementor-widget elementor-widget-text-editor\" data-id=\"ea1a21a\" data-element_type=\"widget\" data-widget_type=\"text-editor.default\">\n\t\t\t\t<div class=\"elementor-widget-container\">\n\t\t\t<style>\/*! elementor - v3.19.0 - 28-02-2024 *\/\n.elementor-widget-text-editor.elementor-drop-cap-view-stacked .elementor-drop-cap{background-color:#69727d;color:#fff}.elementor-widget-text-editor.elementor-drop-cap-view-framed .elementor-drop-cap{color:#69727d;border:3px solid;background-color:transparent}.elementor-widget-text-editor:not(.elementor-drop-cap-view-default) .elementor-drop-cap{margin-top:8px}.elementor-widget-text-editor:not(.elementor-drop-cap-view-default) .elementor-drop-cap-letter{width:1em;height:1em}.elementor-widget-text-editor .elementor-drop-cap{float:left;text-align:center;line-height:1;font-size:50px}.elementor-widget-text-editor .elementor-drop-cap-letter{display:inline-block}<\/style>\t\t\t\t<p>Tauche gemeinsam mit deinem kleinen Wunder im Bauch in einen liebevollen, spirituellen Raum ein. &#8222;Roots of Motherhood&#8220; l\u00e4dt dich ein die tiefen Wurzeln deiner weiblichen Kraft zu entdecken, eine intuitive Verbindung zu deinem Baby aufzubauen und die F\u00e4higkeit zu entwickeln telepathische Seelengespr\u00e4che mit ihm zu f\u00fchren.<\/p>\t\t\t\t\t\t<\/div>\n\t\t\t\t<\/div>\n\t\t\t\t<div class=\"elementor-element elementor-element-f3a5b22 elementor-widget elementor-widget-heading\" data-id=\"f3a5b22\" data-element_type=\"widget\" data-widget_type=\"heading.default\">\n\t\t\t\t<div class=\"elementor-widget-container\">\n\t\t\t<h2 class=\"elementor-heading-title elementor-size-default\">Was dich erwartet:<\/h2>\t\t<\/div>\n\t\t\t\t<\/div>\n\t\t\t\t<div class=\"elementor-element elementor-element-d60f634 elementor-widget elementor-widget-text-editor\" data-id=\"d60f634\" data-element_type=\"widget\" data-widget_type=\"text-editor.default\">\n\t\t\t\t<div class=\"elementor-widget-container\">\n\t\t\t\t\t\t\t<p><span style=\"color: #f5cb25; font-weight: var( --e-global-typography-text-font-weight ); letter-spacing: var( --e-global-typography-text-letter-spacing );\">\u2726\u00a0<\/span><strong>Wertfreier Austausch:<\/strong> Ein sicherer Raum f\u00fcr deine Gedanken, \u00c4ngste und W\u00fcnsche.<\/p><p><span style=\"color: #f5cb25; font-weight: var( --e-global-typography-text-font-weight ); letter-spacing: var( --e-global-typography-text-letter-spacing );\">\u2726\u00a0<\/span><strong>Telepathische Seelengespr\u00e4che:\u00a0<\/strong><span style=\"letter-spacing: var( --e-global-typography-text-letter-spacing );\">Lerne durch gef\u00fchrte \u00dcbungen und Achtsamkeit, wie du auf Seelenebene mit deinem Baby in Kontakt trittst und seine Botschaften wahrnehmen kannst.<\/span><\/p><p><span style=\"color: #f5cb25; font-weight: var( --e-global-typography-text-font-weight ); letter-spacing: var( --e-global-typography-text-letter-spacing );\">\u2726\u00a0<\/span><strong>Gef\u00fchrte Meditationen und Visualisierungen:<\/strong> Vertiefe deine Verbindung zu dir selbst und deinem Baby und erlebe innere Ruhe, Klarheit und Vertrauen.<\/p><p><span style=\"color: #f5cb25; font-weight: var( --e-global-typography-text-font-weight ); letter-spacing: var( --e-global-typography-text-letter-spacing );\">\u2726\u00a0<\/span><strong>St\u00e4rkung deiner Wurzeln:<\/strong> Finde Stabilit\u00e4t und Kraft in deiner Intuition und weiblichen Energie, um deinen Weg in die Mutterschaft bewusst und selbstsicher zu gehen.<\/p><p><span style=\"color: #f5cb25; font-weight: var( --e-global-typography-text-font-weight ); letter-spacing: var( --e-global-typography-text-letter-spacing );\">\u2726\u00a0<\/span><strong>Vorgeburtlicher Bindungsaufbau:<\/strong> \u00d6ffne dich f\u00fcr die Weisheit deines Babys und schaffe eine liebevolle, intuitive Beziehung, die euch durch die Schwangerschaft tr\u00e4gt.<\/p><p><span style=\"color: #f5cb25; font-weight: var( --e-global-typography-text-font-weight ); letter-spacing: var( --e-global-typography-text-letter-spacing );\">\u2726\u00a0<\/span><b>Empowerment f\u00fcr die Geburt: <\/b>Entfalte deine authentische Kraft und Selbstsicherheit, um die Geburt als kraftvollen und selbstbestimmten Moment zu erleben.<\/p>\t\t\t\t\t\t<\/div>\n\t\t\t\t<\/div>\n\t\t\t\t\t<\/div>\n\t\t<\/div>\n\t\t\t\t\t<\/div>\n\t\t<\/section>\n\t\t\t\t<section class=\"elementor-section elementor-top-section elementor-element elementor-element-c45863d elementor-section-full_width elementor-section-height-default elementor-section-height-default\" data-id=\"c45863d\" data-element_type=\"section\">\n\t\t\t\t\t\t<div class=\"elementor-container elementor-column-gap-default\">\n\t\t\t\t\t<div class=\"elementor-column elementor-col-50 elementor-top-column elementor-element elementor-element-9bfded4\" data-id=\"9bfded4\" data-element_type=\"column\">\n\t\t\t<div class=\"elementor-widget-wrap elementor-element-populated\">\n\t\t\t\t\t\t<div class=\"elementor-element elementor-element-329eca7 elementor-widget elementor-widget-heading\" data-id=\"329eca7\" data-element_type=\"widget\" data-widget_type=\"heading.default\">\n\t\t\t\t<div class=\"elementor-widget-container\">\n\t\t\t<h2 class=\"elementor-heading-title elementor-size-default\">die Details:<\/h2>\t\t<\/div>\n\t\t\t\t<\/div>\n\t\t\t\t<div class=\"elementor-element elementor-element-0e20d70 elementor-widget elementor-widget-text-editor\" data-id=\"0e20d70\" data-element_type=\"widget\" data-widget_type=\"text-editor.default\">\n\t\t\t\t<div class=\"elementor-widget-container\">\n\t\t\t\t\t\t\t<p>In einer kleinen, geschlossenen Gruppe von maximal 4 Teilnehmerinnen entsteht ein gesch\u00fctzter Raum, in dem du dich geborgen f\u00fchlst, loslassen kannst und lernst, eine tiefe Verbindung zu deinem Baby herzustellen.<\/p><p><strong>WANN?\u00a0<\/strong>5 Termine, immer sonntags 10:00-11:30 (noch kein neuer Durchgang geplant)<\/p><p><strong>WO?<\/strong> Jan Mikkenie Stra\u00dfe 14, 2004 Niederhollabrunn<\/p><p><strong>E<\/strong><b>NERGIEAUSGLEICH:<\/b> 199\u20ac<\/p>\t\t\t\t\t\t<\/div>\n\t\t\t\t<\/div>\n\t\t\t\t<div class=\"elementor-element elementor-element-7704356 elementor-widget elementor-widget-heading\" data-id=\"7704356\" data-element_type=\"widget\" data-widget_type=\"heading.default\">\n\t\t\t\t<div class=\"elementor-widget-container\">\n\t\t\t<h2 class=\"elementor-heading-title elementor-size-default\">Begib dich auf eine besondere Reise - mit dir selbst und deinem Baby.<\/h2>\t\t<\/div>\n\t\t\t\t<\/div>\n\t\t\t\t\t<\/div>\n\t\t<\/div>\n\t\t\t\t<div class=\"elementor-column elementor-col-50 elementor-top-column elementor-element elementor-element-2dfaa3c\" data-id=\"2dfaa3c\" data-element_type=\"column\">\n\t\t\t<div class=\"elementor-widget-wrap elementor-element-populated\">\n\t\t\t\t\t\t<div class=\"elementor-element elementor-element-ca10646 elementor-widget elementor-widget-image\" data-id=\"ca10646\" data-element_type=\"widget\" data-widget_type=\"image.default\">\n\t\t\t\t<div class=\"elementor-widget-container\">\n\t\t\t\t\t\t\t\t\t\t\t\t\t<img decoding=\"async\" width=\"1024\" height=\"681\" src=\"https:\/\/www.l\u00f6wenstarkdurchsleben.at\/wp-content\/uploads\/2025\/01\/1736493969825-1024x681.png\" class=\"attachment-large size-large wp-image-3683\" alt=\"\" srcset=\"https:\/\/www.l\u00f6wenstarkdurchsleben.at\/wp-content\/uploads\/2025\/01\/1736493969825-1024x681.png 1024w, https:\/\/www.l\u00f6wenstarkdurchsleben.at\/wp-content\/uploads\/2025\/01\/1736493969825-300x200.png 300w, https:\/\/www.l\u00f6wenstarkdurchsleben.at\/wp-content\/uploads\/2025\/01\/1736493969825-768x511.png 768w, https:\/\/www.l\u00f6wenstarkdurchsleben.at\/wp-content\/uploads\/2025\/01\/1736493969825.png 1414w\" sizes=\"(max-width: 1024px) 100vw, 1024px\" \/>\t\t\t\t\t\t\t\t\t\t\t\t\t<\/div>\n\t\t\t\t<\/div>\n\t\t\t\t\t<\/div>\n\t\t<\/div>\n\t\t\t\t\t<\/div>\n\t\t<\/section>\n\t\t\t\t<\/div>\n\t\t","protected":false},"excerpt":{"rendered":"<p>Roots of Motherhood &#8211; Frauenkreis f\u00fcr werdende Mamis In den Wurzeln liegt die Kraft \u2013 finde Halt, Vertrauen und Verbindung auf deinem authentischen Weg in die Mutterschaft Tauche gemeinsam mit deinem kleinen Wunder im Bauch in einen liebevollen, spirituellen Raum ein. &#8222;Roots of Motherhood&#8220; l\u00e4dt dich ein die tiefen Wurzeln deiner weiblichen Kraft zu entdecken, [&hellip;]<\/p>\n","protected":false},"author":2,"featured_media":0,"parent":0,"menu_order":0,"comment_status":"closed","ping_status":"closed","template":"","meta":{"footnotes":""},"class_list":["post-3681","page","type-page","status-publish","hentry"],"yoast_head":"<!-- This site is optimized with the Yoast SEO plugin v25.2 - https:\/\/yoast.com\/wordpress\/plugins\/seo\/ -->\n<title>Frauenkreis f\u00fcr werdende Mamis - L\u00f6wenstark durch&#039;s Leben<\/title>\n<meta name=\"description\" content=\"Entdecke die Wurzeln deiner weiblichen Kraft &amp; baue vorgeburtlich eine intuitive Verbindung zu deinem Baby auf.\" \/>\n<meta name=\"robots\" content=\"index, follow, max-snippet:-1, max-image-preview:large, max-video-preview:-1\" \/>\n<link rel=\"canonical\" href=\"https:\/\/www.l\u00f6wenstarkdurchsleben.at\/?page_id=3681\" \/>\n<meta property=\"og:locale\" content=\"de_DE\" \/>\n<meta property=\"og:type\" content=\"article\" \/>\n<meta property=\"og:title\" content=\"Frauenkreis f\u00fcr werdende Mamis - L\u00f6wenstark durch&#039;s Leben\" \/>\n<meta property=\"og:description\" content=\"Entdecke die Wurzeln deiner weiblichen Kraft &amp; baue vorgeburtlich eine intuitive Verbindung zu deinem Baby auf.\" \/>\n<meta property=\"og:url\" content=\"https:\/\/www.l\u00f6wenstarkdurchsleben.at\/?page_id=3681\" \/>\n<meta property=\"og:site_name\" content=\"L\u00f6wenstark durch&#039;s Leben\" \/>\n<meta property=\"article:modified_time\" content=\"2025-11-28T19:27:03+00:00\" \/>\n<meta name=\"twitter:card\" content=\"summary_large_image\" \/>\n<meta name=\"twitter:label1\" content=\"Gesch\u00e4tzte Lesezeit\" \/>\n\t<meta name=\"twitter:data1\" content=\"2\u00a0Minuten\" \/>\n<script type=\"application\/ld+json\" class=\"yoast-schema-graph\">{\"@context\":\"https:\/\/schema.org\",\"@graph\":[{\"@type\":\"WebPage\",\"@id\":\"https:\/\/www.l\u00f6wenstarkdurchsleben.at\/?page_id=3681\",\"url\":\"https:\/\/www.l\u00f6wenstarkdurchsleben.at\/?page_id=3681\",\"name\":\"Frauenkreis f\u00fcr werdende Mamis - L\u00f6wenstark durch&#039;s Leben\",\"isPartOf\":{\"@id\":\"https:\/\/www.l\u00f6wenstarkdurchsleben.at\/#website\"},\"datePublished\":\"2025-01-10T07:51:48+00:00\",\"dateModified\":\"2025-11-28T19:27:03+00:00\",\"description\":\"Entdecke die Wurzeln deiner weiblichen Kraft & baue vorgeburtlich eine intuitive Verbindung zu deinem Baby auf.\",\"breadcrumb\":{\"@id\":\"https:\/\/www.l\u00f6wenstarkdurchsleben.at\/?page_id=3681#breadcrumb\"},\"inLanguage\":\"de\",\"potentialAction\":[{\"@type\":\"ReadAction\",\"target\":[\"https:\/\/www.l\u00f6wenstarkdurchsleben.at\/?page_id=3681\"]}]},{\"@type\":\"BreadcrumbList\",\"@id\":\"https:\/\/www.l\u00f6wenstarkdurchsleben.at\/?page_id=3681#breadcrumb\",\"itemListElement\":[{\"@type\":\"ListItem\",\"position\":1,\"name\":\"Startseite\",\"item\":\"https:\/\/www.l\u00f6wenstarkdurchsleben.at\/\"},{\"@type\":\"ListItem\",\"position\":2,\"name\":\"Frauenkreis f\u00fcr werdende Mamis\"}]},{\"@type\":\"WebSite\",\"@id\":\"https:\/\/www.l\u00f6wenstarkdurchsleben.at\/#website\",\"url\":\"https:\/\/www.l\u00f6wenstarkdurchsleben.at\/\",\"name\":\"L\u00f6wenstark durchs Leben\",\"description\":\"Julia Weigmann\",\"publisher\":{\"@id\":\"https:\/\/www.l\u00f6wenstarkdurchsleben.at\/#\/schema\/person\/ce480c8fd6e981338421475e7a3509ab\"},\"potentialAction\":[{\"@type\":\"SearchAction\",\"target\":{\"@type\":\"EntryPoint\",\"urlTemplate\":\"https:\/\/www.l\u00f6wenstarkdurchsleben.at\/?s={search_term_string}\"},\"query-input\":{\"@type\":\"PropertyValueSpecification\",\"valueRequired\":true,\"valueName\":\"search_term_string\"}}],\"inLanguage\":\"de\"},{\"@type\":[\"Person\",\"Organization\"],\"@id\":\"https:\/\/www.l\u00f6wenstarkdurchsleben.at\/#\/schema\/person\/ce480c8fd6e981338421475e7a3509ab\",\"name\":\"drajul\",\"image\":{\"@type\":\"ImageObject\",\"inLanguage\":\"de\",\"@id\":\"https:\/\/www.l\u00f6wenstarkdurchsleben.at\/#\/schema\/person\/image\/\",\"url\":\"https:\/\/xn--lwenstarkdurchsleben-39b.at\/wp-content\/uploads\/2021\/10\/Screenshot_20210805-082837_Chrome-Photoroom.png-Photoroom.png\",\"contentUrl\":\"https:\/\/xn--lwenstarkdurchsleben-39b.at\/wp-content\/uploads\/2021\/10\/Screenshot_20210805-082837_Chrome-Photoroom.png-Photoroom.png\",\"width\":1080,\"height\":1153,\"caption\":\"drajul\"},\"logo\":{\"@id\":\"https:\/\/www.l\u00f6wenstarkdurchsleben.at\/#\/schema\/person\/image\/\"}}]}<\/script>\n<!-- \/ Yoast SEO plugin. -->","yoast_head_json":{"title":"Frauenkreis f\u00fcr werdende Mamis - L\u00f6wenstark durch&#039;s Leben","description":"Entdecke die Wurzeln deiner weiblichen Kraft & baue vorgeburtlich eine intuitive Verbindung zu deinem Baby auf.","robots":{"index":"index","follow":"follow","max-snippet":"max-snippet:-1","max-image-preview":"max-image-preview:large","max-video-preview":"max-video-preview:-1"},"canonical":"https:\/\/www.l\u00f6wenstarkdurchsleben.at\/?page_id=3681","og_locale":"de_DE","og_type":"article","og_title":"Frauenkreis f\u00fcr werdende Mamis - L\u00f6wenstark durch&#039;s Leben","og_description":"Entdecke die Wurzeln deiner weiblichen Kraft & baue vorgeburtlich eine intuitive Verbindung zu deinem Baby auf.","og_url":"https:\/\/www.l\u00f6wenstarkdurchsleben.at\/?page_id=3681","og_site_name":"L\u00f6wenstark durch&#039;s Leben","article_modified_time":"2025-11-28T19:27:03+00:00","twitter_card":"summary_large_image","twitter_misc":{"Gesch\u00e4tzte Lesezeit":"2\u00a0Minuten"},"schema":{"@context":"https:\/\/schema.org","@graph":[{"@type":"WebPage","@id":"https:\/\/www.l\u00f6wenstarkdurchsleben.at\/?page_id=3681","url":"https:\/\/www.l\u00f6wenstarkdurchsleben.at\/?page_id=3681","name":"Frauenkreis f\u00fcr werdende Mamis - L\u00f6wenstark durch&#039;s Leben","isPartOf":{"@id":"https:\/\/www.l\u00f6wenstarkdurchsleben.at\/#website"},"datePublished":"2025-01-10T07:51:48+00:00","dateModified":"2025-11-28T19:27:03+00:00","description":"Entdecke die Wurzeln deiner weiblichen Kraft & baue vorgeburtlich eine intuitive Verbindung zu deinem Baby auf.","breadcrumb":{"@id":"https:\/\/www.l\u00f6wenstarkdurchsleben.at\/?page_id=3681#breadcrumb"},"inLanguage":"de","potentialAction":[{"@type":"ReadAction","target":["https:\/\/www.l\u00f6wenstarkdurchsleben.at\/?page_id=3681"]}]},{"@type":"BreadcrumbList","@id":"https:\/\/www.l\u00f6wenstarkdurchsleben.at\/?page_id=3681#breadcrumb","itemListElement":[{"@type":"ListItem","position":1,"name":"Startseite","item":"https:\/\/www.l\u00f6wenstarkdurchsleben.at\/"},{"@type":"ListItem","position":2,"name":"Frauenkreis f\u00fcr werdende Mamis"}]},{"@type":"WebSite","@id":"https:\/\/www.l\u00f6wenstarkdurchsleben.at\/#website","url":"https:\/\/www.l\u00f6wenstarkdurchsleben.at\/","name":"L\u00f6wenstark durchs Leben","description":"Julia Weigmann","publisher":{"@id":"https:\/\/www.l\u00f6wenstarkdurchsleben.at\/#\/schema\/person\/ce480c8fd6e981338421475e7a3509ab"},"potentialAction":[{"@type":"SearchAction","target":{"@type":"EntryPoint","urlTemplate":"https:\/\/www.l\u00f6wenstarkdurchsleben.at\/?s={search_term_string}"},"query-input":{"@type":"PropertyValueSpecification","valueRequired":true,"valueName":"search_term_string"}}],"inLanguage":"de"},{"@type":["Person","Organization"],"@id":"https:\/\/www.l\u00f6wenstarkdurchsleben.at\/#\/schema\/person\/ce480c8fd6e981338421475e7a3509ab","name":"drajul","image":{"@type":"ImageObject","inLanguage":"de","@id":"https:\/\/www.l\u00f6wenstarkdurchsleben.at\/#\/schema\/person\/image\/","url":"https:\/\/xn--lwenstarkdurchsleben-39b.at\/wp-content\/uploads\/2021\/10\/Screenshot_20210805-082837_Chrome-Photoroom.png-Photoroom.png","contentUrl":"https:\/\/xn--lwenstarkdurchsleben-39b.at\/wp-content\/uploads\/2021\/10\/Screenshot_20210805-082837_Chrome-Photoroom.png-Photoroom.png","width":1080,"height":1153,"caption":"drajul"},"logo":{"@id":"https:\/\/www.l\u00f6wenstarkdurchsleben.at\/#\/schema\/person\/image\/"}}]}},"_links":{"self":[{"href":"https:\/\/www.l\u00f6wenstarkdurchsleben.at\/index.php?rest_route=\/wp\/v2\/pages\/3681","targetHints":{"allow":["GET"]}}],"collection":[{"href":"https:\/\/www.l\u00f6wenstarkdurchsleben.at\/index.php?rest_route=\/wp\/v2\/pages"}],"about":[{"href":"https:\/\/www.l\u00f6wenstarkdurchsleben.at\/index.php?rest_route=\/wp\/v2\/types\/page"}],"author":[{"embeddable":true,"href":"https:\/\/www.l\u00f6wenstarkdurchsleben.at\/index.php?rest_route=\/wp\/v2\/users\/2"}],"replies":[{"embeddable":true,"href":"https:\/\/www.l\u00f6wenstarkdurchsleben.at\/index.php?rest_route=%2Fwp%2Fv2%2Fcomments&post=3681"}],"version-history":[{"count":22,"href":"https:\/\/www.l\u00f6wenstarkdurchsleben.at\/index.php?rest_route=\/wp\/v2\/pages\/3681\/revisions"}],"predecessor-version":[{"id":4257,"href":"https:\/\/www.l\u00f6wenstarkdurchsleben.at\/index.php?rest_route=\/wp\/v2\/pages\/3681\/revisions\/4257"}],"wp:attachment":[{"href":"https:\/\/www.l\u00f6wenstarkdurchsleben.at\/index.php?rest_route=%2Fwp%2Fv2%2Fmedia&parent=3681"}],"curies":[{"name":"wp","href":"https:\/\/api.w.org\/{rel}","templated":true}]}}