{"id":3088,"date":"2024-07-04T19:10:45","date_gmt":"2024-07-04T19:10:45","guid":{"rendered":"https:\/\/xn--lwenstarkdurchsleben-39b.at\/?page_id=3088"},"modified":"2026-01-04T11:37:46","modified_gmt":"2026-01-04T11:37:46","slug":"kinder-jugendliche","status":"publish","type":"page","link":"https:\/\/www.l\u00f6wenstarkdurchsleben.at\/?page_id=3088","title":{"rendered":"F\u00fcr Kinder &amp; Jugendliche"},"content":{"rendered":"\t\t<div data-elementor-type=\"wp-page\" data-elementor-id=\"3088\" class=\"elementor elementor-3088\">\n\t\t\t\t\t\t<section class=\"elementor-section elementor-top-section elementor-element elementor-element-34cdb46 elementor-section-boxed elementor-section-height-default elementor-section-height-default\" data-id=\"34cdb46\" data-element_type=\"section\">\n\t\t\t\t\t\t<div class=\"elementor-container elementor-column-gap-default\">\n\t\t\t\t\t<div class=\"elementor-column elementor-col-100 elementor-top-column elementor-element elementor-element-8c60ed6\" data-id=\"8c60ed6\" data-element_type=\"column\">\n\t\t\t<div class=\"elementor-widget-wrap elementor-element-populated\">\n\t\t\t\t\t\t<div class=\"elementor-element elementor-element-de5783e elementor-widget elementor-widget-heading\" data-id=\"de5783e\" data-element_type=\"widget\" data-widget_type=\"heading.default\">\n\t\t\t\t<div class=\"elementor-widget-container\">\n\t\t\t<style>\/*! elementor - v3.19.0 - 28-02-2024 *\/\n.elementor-heading-title{padding:0;margin:0;line-height:1}.elementor-widget-heading .elementor-heading-title[class*=elementor-size-]>a{color:inherit;font-size:inherit;line-height:inherit}.elementor-widget-heading .elementor-heading-title.elementor-size-small{font-size:15px}.elementor-widget-heading .elementor-heading-title.elementor-size-medium{font-size:19px}.elementor-widget-heading .elementor-heading-title.elementor-size-large{font-size:29px}.elementor-widget-heading .elementor-heading-title.elementor-size-xl{font-size:39px}.elementor-widget-heading .elementor-heading-title.elementor-size-xxl{font-size:59px}<\/style><h4 class=\"elementor-heading-title elementor-size-default\">Angebote f\u00fcr Kinder &amp; Jugendliche<\/h4>\t\t<\/div>\n\t\t\t\t<\/div>\n\t\t\t\t\t<\/div>\n\t\t<\/div>\n\t\t\t\t\t<\/div>\n\t\t<\/section>\n\t\t\t\t<section class=\"elementor-section elementor-top-section elementor-element elementor-element-852a123 elementor-section-boxed elementor-section-height-default elementor-section-height-default\" data-id=\"852a123\" data-element_type=\"section\">\n\t\t\t\t\t\t<div class=\"elementor-container elementor-column-gap-default\">\n\t\t\t\t\t<div class=\"elementor-column elementor-col-33 elementor-top-column elementor-element elementor-element-5767fac\" data-id=\"5767fac\" data-element_type=\"column\">\n\t\t\t<div class=\"elementor-widget-wrap\">\n\t\t\t\t\t\t\t<\/div>\n\t\t<\/div>\n\t\t\t\t<div class=\"elementor-column elementor-col-33 elementor-top-column elementor-element elementor-element-3b323d2\" data-id=\"3b323d2\" data-element_type=\"column\">\n\t\t\t<div class=\"elementor-widget-wrap\">\n\t\t\t\t\t\t\t<\/div>\n\t\t<\/div>\n\t\t\t\t<div class=\"elementor-column elementor-col-33 elementor-top-column elementor-element elementor-element-f16ce88\" data-id=\"f16ce88\" data-element_type=\"column\">\n\t\t\t<div class=\"elementor-widget-wrap\">\n\t\t\t\t\t\t\t<\/div>\n\t\t<\/div>\n\t\t\t\t\t<\/div>\n\t\t<\/section>\n\t\t\t\t<section class=\"elementor-section elementor-top-section elementor-element elementor-element-bbc8ef0 elementor-section-full_width elementor-section-height-default elementor-section-height-default\" data-id=\"bbc8ef0\" data-element_type=\"section\">\n\t\t\t\t\t\t<div class=\"elementor-container elementor-column-gap-default\">\n\t\t\t\t\t<div class=\"elementor-column elementor-col-25 elementor-top-column elementor-element elementor-element-4bc4938\" data-id=\"4bc4938\" data-element_type=\"column\">\n\t\t\t<div class=\"elementor-widget-wrap elementor-element-populated\">\n\t\t\t\t\t\t<div class=\"elementor-element elementor-element-2822dbe elementor-view-default elementor-position-top elementor-mobile-position-top elementor-widget elementor-widget-icon-box\" data-id=\"2822dbe\" data-element_type=\"widget\" data-widget_type=\"icon-box.default\">\n\t\t\t\t<div class=\"elementor-widget-container\">\n\t\t\t<link rel=\"stylesheet\" href=\"https:\/\/www.l\u00f6wenstarkdurchsleben.at\/wp-content\/plugins\/elementor\/assets\/css\/widget-icon-box.min.css\">\t\t<div class=\"elementor-icon-box-wrapper\">\n\t\t\t\t\t\t<div class=\"elementor-icon-box-icon\">\n\t\t\t\t<a href=\"https:\/\/xn--lwenstarkdurchsleben-39b.at\/?page_id=1498\" class=\"elementor-icon elementor-animation-\" tabindex=\"-1\">\n\t\t\t\t<i aria-hidden=\"true\" class=\"fas fa-rainbow\"><\/i>\t\t\t\t<\/a>\n\t\t\t<\/div>\n\t\t\t\t\t\t<div class=\"elementor-icon-box-content\">\n\t\t\t\t<h3 class=\"elementor-icon-box-title\">\n\t\t\t\t\t<a href=\"https:\/\/xn--lwenstarkdurchsleben-39b.at\/?page_id=1498\" >\n\t\t\t\t\t\tKindergl\u00fccksstunden\t\t\t\t\t<\/a>\n\t\t\t\t<\/h3>\n\t\t\t\t\t\t\t\t\t<p class=\"elementor-icon-box-description\">\n\t\t\t\t\t\t1:1 Begleitung f\u00fcr funkelnde Augen, strahlende Herzen und leuchtende Seelen\t\t\t\t\t<\/p>\n\t\t\t\t\t\t\t<\/div>\n\t\t<\/div>\n\t\t\t\t<\/div>\n\t\t\t\t<\/div>\n\t\t\t\t\t<\/div>\n\t\t<\/div>\n\t\t\t\t<div class=\"elementor-column elementor-col-25 elementor-top-column elementor-element elementor-element-a8656fa\" data-id=\"a8656fa\" data-element_type=\"column\">\n\t\t\t<div class=\"elementor-widget-wrap elementor-element-populated\">\n\t\t\t\t\t\t<div class=\"elementor-element elementor-element-411e8e3 elementor-view-default elementor-position-top elementor-mobile-position-top elementor-widget elementor-widget-icon-box\" data-id=\"411e8e3\" data-element_type=\"widget\" data-widget_type=\"icon-box.default\">\n\t\t\t\t<div class=\"elementor-widget-container\">\n\t\t\t\t\t<div class=\"elementor-icon-box-wrapper\">\n\t\t\t\t\t\t<div class=\"elementor-icon-box-icon\">\n\t\t\t\t<a href=\"https:\/\/www.xn--lwenstarkdurchsleben-39b.at\/?page_id=4035\" class=\"elementor-icon elementor-animation-\" tabindex=\"-1\">\n\t\t\t\t<i aria-hidden=\"true\" class=\"fas fa-magic\"><\/i>\t\t\t\t<\/a>\n\t\t\t<\/div>\n\t\t\t\t\t\t<div class=\"elementor-icon-box-content\">\n\t\t\t\t<h3 class=\"elementor-icon-box-title\">\n\t\t\t\t\t<a href=\"https:\/\/www.xn--lwenstarkdurchsleben-39b.at\/?page_id=4035\" >\n\t\t\t\t\t\tZauberlernzeit\t\t\t\t\t<\/a>\n\t\t\t\t<\/h3>\n\t\t\t\t\t\t\t\t\t<p class=\"elementor-icon-box-description\">\n\t\t\t\t\t\tSanfte Lernbegleitung f\u00fcr Volksschulkinder, die (wieder) Mut macht und Vertrauen ins eigene K\u00f6nnen st\u00e4rkt\t\t\t\t\t<\/p>\n\t\t\t\t\t\t\t<\/div>\n\t\t<\/div>\n\t\t\t\t<\/div>\n\t\t\t\t<\/div>\n\t\t\t\t\t<\/div>\n\t\t<\/div>\n\t\t\t\t<div class=\"elementor-column elementor-col-25 elementor-top-column elementor-element elementor-element-4c517a1\" data-id=\"4c517a1\" data-element_type=\"column\">\n\t\t\t<div class=\"elementor-widget-wrap elementor-element-populated\">\n\t\t\t\t\t\t<div class=\"elementor-element elementor-element-b64c299 elementor-view-default elementor-position-top elementor-mobile-position-top elementor-widget elementor-widget-icon-box\" data-id=\"b64c299\" data-element_type=\"widget\" data-widget_type=\"icon-box.default\">\n\t\t\t\t<div class=\"elementor-widget-container\">\n\t\t\t\t\t<div class=\"elementor-icon-box-wrapper\">\n\t\t\t\t\t\t<div class=\"elementor-icon-box-icon\">\n\t\t\t\t<a href=\"https:\/\/www.xn--lwenstarkdurchsleben-39b.at\/?page_id=3985\" class=\"elementor-icon elementor-animation-\" tabindex=\"-1\">\n\t\t\t\t<i aria-hidden=\"true\" class=\"fas fa-paint-brush\"><\/i>\t\t\t\t<\/a>\n\t\t\t<\/div>\n\t\t\t\t\t\t<div class=\"elementor-icon-box-content\">\n\t\t\t\t<h3 class=\"elementor-icon-box-title\">\n\t\t\t\t\t<a href=\"https:\/\/www.xn--lwenstarkdurchsleben-39b.at\/?page_id=3985\" >\n\t\t\t\t\t\tStark im Gef\u00fchl\t\t\t\t\t<\/a>\n\t\t\t\t<\/h3>\n\t\t\t\t\t\t\t\t\t<p class=\"elementor-icon-box-description\">\n\t\t\t\t\t\tKreativer Gruppenkurs f\u00fcr Kinder (6-10 J.) - Semesterkurs\t\t\t\t\t<\/p>\n\t\t\t\t\t\t\t<\/div>\n\t\t<\/div>\n\t\t\t\t<\/div>\n\t\t\t\t<\/div>\n\t\t\t\t\t<\/div>\n\t\t<\/div>\n\t\t\t\t<div class=\"elementor-column elementor-col-25 elementor-top-column elementor-element elementor-element-6cb44ed\" data-id=\"6cb44ed\" data-element_type=\"column\">\n\t\t\t<div class=\"elementor-widget-wrap elementor-element-populated\">\n\t\t\t\t\t\t<div class=\"elementor-element elementor-element-99bb8dd elementor-view-default elementor-position-top elementor-mobile-position-top elementor-widget elementor-widget-icon-box\" data-id=\"99bb8dd\" data-element_type=\"widget\" data-widget_type=\"icon-box.default\">\n\t\t\t\t<div class=\"elementor-widget-container\">\n\t\t\t\t\t<div class=\"elementor-icon-box-wrapper\">\n\t\t\t\t\t\t<div class=\"elementor-icon-box-icon\">\n\t\t\t\t<a href=\"https:\/\/xn--lwenstarkdurchsleben-39b.at\/?page_id=3815\" class=\"elementor-icon elementor-animation-\" tabindex=\"-1\">\n\t\t\t\t<i aria-hidden=\"true\" class=\"fas fa-hand-holding-heart\"><\/i>\t\t\t\t<\/a>\n\t\t\t<\/div>\n\t\t\t\t\t\t<div class=\"elementor-icon-box-content\">\n\t\t\t\t<h3 class=\"elementor-icon-box-title\">\n\t\t\t\t\t<a href=\"https:\/\/xn--lwenstarkdurchsleben-39b.at\/?page_id=3815\" >\n\t\t\t\t\t\tEinfach DU\t\t\t\t\t<\/a>\n\t\t\t\t<\/h3>\n\t\t\t\t\t\t\t\t\t<p class=\"elementor-icon-box-description\">\n\t\t\t\t\t\tKreativer Gruppenkurs f\u00fcr M\u00e4dls (11-15 J.)\t\t\t\t\t<\/p>\n\t\t\t\t\t\t\t<\/div>\n\t\t<\/div>\n\t\t\t\t<\/div>\n\t\t\t\t<\/div>\n\t\t\t\t\t<\/div>\n\t\t<\/div>\n\t\t\t\t\t<\/div>\n\t\t<\/section>\n\t\t\t\t<\/div>\n\t\t","protected":false},"excerpt":{"rendered":"<p>Angebote f\u00fcr Kinder &amp; Jugendliche Kindergl\u00fccksstunden 1:1 Begleitung f\u00fcr funkelnde Augen, strahlende Herzen und leuchtende Seelen Zauberlernzeit Sanfte Lernbegleitung f\u00fcr Volksschulkinder, die (wieder) Mut macht und Vertrauen ins eigene K\u00f6nnen st\u00e4rkt Stark im Gef\u00fchl Kreativer Gruppenkurs f\u00fcr Kinder (6-10 J.) &#8211; Semesterkurs Einfach DU Kreativer Gruppenkurs f\u00fcr M\u00e4dls (11-15 J.)<\/p>\n","protected":false},"author":2,"featured_media":0,"parent":0,"menu_order":0,"comment_status":"closed","ping_status":"closed","template":"","meta":{"footnotes":""},"class_list":["post-3088","page","type-page","status-publish","hentry"],"yoast_head":"<!-- This site is optimized with the Yoast SEO plugin v25.2 - https:\/\/yoast.com\/wordpress\/plugins\/seo\/ -->\n<title>F\u00fcr Kinder &amp; Jugendliche - L\u00f6wenstark durch&#039;s Leben<\/title>\n<meta name=\"robots\" content=\"index, follow, max-snippet:-1, max-image-preview:large, max-video-preview:-1\" \/>\n<link rel=\"canonical\" href=\"https:\/\/www.l\u00f6wenstarkdurchsleben.at\/?page_id=3088\" \/>\n<meta property=\"og:locale\" content=\"de_DE\" \/>\n<meta property=\"og:type\" content=\"article\" \/>\n<meta property=\"og:title\" content=\"F\u00fcr Kinder &amp; Jugendliche - L\u00f6wenstark durch&#039;s Leben\" \/>\n<meta property=\"og:description\" content=\"Angebote f\u00fcr Kinder &amp; Jugendliche Kindergl\u00fccksstunden 1:1 Begleitung f\u00fcr funkelnde Augen, strahlende Herzen und leuchtende Seelen Zauberlernzeit Sanfte Lernbegleitung f\u00fcr Volksschulkinder, die (wieder) Mut macht und Vertrauen ins eigene K\u00f6nnen st\u00e4rkt Stark im Gef\u00fchl Kreativer Gruppenkurs f\u00fcr Kinder (6-10 J.) &#8211; Semesterkurs Einfach DU Kreativer Gruppenkurs f\u00fcr M\u00e4dls (11-15 J.)\" \/>\n<meta property=\"og:url\" content=\"https:\/\/www.l\u00f6wenstarkdurchsleben.at\/?page_id=3088\" \/>\n<meta property=\"og:site_name\" content=\"L\u00f6wenstark durch&#039;s Leben\" \/>\n<meta property=\"article:modified_time\" content=\"2026-01-04T11:37:46+00:00\" \/>\n<meta name=\"twitter:card\" content=\"summary_large_image\" \/>\n<meta name=\"twitter:label1\" content=\"Gesch\u00e4tzte Lesezeit\" \/>\n\t<meta name=\"twitter:data1\" content=\"1\u00a0Minute\" \/>\n<script type=\"application\/ld+json\" class=\"yoast-schema-graph\">{\"@context\":\"https:\/\/schema.org\",\"@graph\":[{\"@type\":\"WebPage\",\"@id\":\"https:\/\/www.l\u00f6wenstarkdurchsleben.at\/?page_id=3088\",\"url\":\"https:\/\/www.l\u00f6wenstarkdurchsleben.at\/?page_id=3088\",\"name\":\"F\u00fcr Kinder &amp; Jugendliche - L\u00f6wenstark durch&#039;s Leben\",\"isPartOf\":{\"@id\":\"https:\/\/www.l\u00f6wenstarkdurchsleben.at\/#website\"},\"datePublished\":\"2024-07-04T19:10:45+00:00\",\"dateModified\":\"2026-01-04T11:37:46+00:00\",\"breadcrumb\":{\"@id\":\"https:\/\/www.l\u00f6wenstarkdurchsleben.at\/?page_id=3088#breadcrumb\"},\"inLanguage\":\"de\",\"potentialAction\":[{\"@type\":\"ReadAction\",\"target\":[\"https:\/\/www.l\u00f6wenstarkdurchsleben.at\/?page_id=3088\"]}]},{\"@type\":\"BreadcrumbList\",\"@id\":\"https:\/\/www.l\u00f6wenstarkdurchsleben.at\/?page_id=3088#breadcrumb\",\"itemListElement\":[{\"@type\":\"ListItem\",\"position\":1,\"name\":\"Startseite\",\"item\":\"https:\/\/www.l\u00f6wenstarkdurchsleben.at\/\"},{\"@type\":\"ListItem\",\"position\":2,\"name\":\"F\u00fcr Kinder &amp; Jugendliche\"}]},{\"@type\":\"WebSite\",\"@id\":\"https:\/\/www.l\u00f6wenstarkdurchsleben.at\/#website\",\"url\":\"https:\/\/www.l\u00f6wenstarkdurchsleben.at\/\",\"name\":\"L\u00f6wenstark durchs Leben\",\"description\":\"Julia Weigmann\",\"publisher\":{\"@id\":\"https:\/\/www.l\u00f6wenstarkdurchsleben.at\/#\/schema\/person\/ce480c8fd6e981338421475e7a3509ab\"},\"potentialAction\":[{\"@type\":\"SearchAction\",\"target\":{\"@type\":\"EntryPoint\",\"urlTemplate\":\"https:\/\/www.l\u00f6wenstarkdurchsleben.at\/?s={search_term_string}\"},\"query-input\":{\"@type\":\"PropertyValueSpecification\",\"valueRequired\":true,\"valueName\":\"search_term_string\"}}],\"inLanguage\":\"de\"},{\"@type\":[\"Person\",\"Organization\"],\"@id\":\"https:\/\/www.l\u00f6wenstarkdurchsleben.at\/#\/schema\/person\/ce480c8fd6e981338421475e7a3509ab\",\"name\":\"drajul\",\"image\":{\"@type\":\"ImageObject\",\"inLanguage\":\"de\",\"@id\":\"https:\/\/www.l\u00f6wenstarkdurchsleben.at\/#\/schema\/person\/image\/\",\"url\":\"https:\/\/xn--lwenstarkdurchsleben-39b.at\/wp-content\/uploads\/2021\/10\/Screenshot_20210805-082837_Chrome-Photoroom.png-Photoroom.png\",\"contentUrl\":\"https:\/\/xn--lwenstarkdurchsleben-39b.at\/wp-content\/uploads\/2021\/10\/Screenshot_20210805-082837_Chrome-Photoroom.png-Photoroom.png\",\"width\":1080,\"height\":1153,\"caption\":\"drajul\"},\"logo\":{\"@id\":\"https:\/\/www.l\u00f6wenstarkdurchsleben.at\/#\/schema\/person\/image\/\"}}]}<\/script>\n<!-- \/ Yoast SEO plugin. -->","yoast_head_json":{"title":"F\u00fcr Kinder &amp; Jugendliche - L\u00f6wenstark durch&#039;s Leben","robots":{"index":"index","follow":"follow","max-snippet":"max-snippet:-1","max-image-preview":"max-image-preview:large","max-video-preview":"max-video-preview:-1"},"canonical":"https:\/\/www.l\u00f6wenstarkdurchsleben.at\/?page_id=3088","og_locale":"de_DE","og_type":"article","og_title":"F\u00fcr Kinder &amp; Jugendliche - L\u00f6wenstark durch&#039;s Leben","og_description":"Angebote f\u00fcr Kinder &amp; Jugendliche Kindergl\u00fccksstunden 1:1 Begleitung f\u00fcr funkelnde Augen, strahlende Herzen und leuchtende Seelen Zauberlernzeit Sanfte Lernbegleitung f\u00fcr Volksschulkinder, die (wieder) Mut macht und Vertrauen ins eigene K\u00f6nnen st\u00e4rkt Stark im Gef\u00fchl Kreativer Gruppenkurs f\u00fcr Kinder (6-10 J.) &#8211; Semesterkurs Einfach DU Kreativer Gruppenkurs f\u00fcr M\u00e4dls (11-15 J.)","og_url":"https:\/\/www.l\u00f6wenstarkdurchsleben.at\/?page_id=3088","og_site_name":"L\u00f6wenstark durch&#039;s Leben","article_modified_time":"2026-01-04T11:37:46+00:00","twitter_card":"summary_large_image","twitter_misc":{"Gesch\u00e4tzte Lesezeit":"1\u00a0Minute"},"schema":{"@context":"https:\/\/schema.org","@graph":[{"@type":"WebPage","@id":"https:\/\/www.l\u00f6wenstarkdurchsleben.at\/?page_id=3088","url":"https:\/\/www.l\u00f6wenstarkdurchsleben.at\/?page_id=3088","name":"F\u00fcr Kinder &amp; Jugendliche - L\u00f6wenstark durch&#039;s Leben","isPartOf":{"@id":"https:\/\/www.l\u00f6wenstarkdurchsleben.at\/#website"},"datePublished":"2024-07-04T19:10:45+00:00","dateModified":"2026-01-04T11:37:46+00:00","breadcrumb":{"@id":"https:\/\/www.l\u00f6wenstarkdurchsleben.at\/?page_id=3088#breadcrumb"},"inLanguage":"de","potentialAction":[{"@type":"ReadAction","target":["https:\/\/www.l\u00f6wenstarkdurchsleben.at\/?page_id=3088"]}]},{"@type":"BreadcrumbList","@id":"https:\/\/www.l\u00f6wenstarkdurchsleben.at\/?page_id=3088#breadcrumb","itemListElement":[{"@type":"ListItem","position":1,"name":"Startseite","item":"https:\/\/www.l\u00f6wenstarkdurchsleben.at\/"},{"@type":"ListItem","position":2,"name":"F\u00fcr Kinder &amp; Jugendliche"}]},{"@type":"WebSite","@id":"https:\/\/www.l\u00f6wenstarkdurchsleben.at\/#website","url":"https:\/\/www.l\u00f6wenstarkdurchsleben.at\/","name":"L\u00f6wenstark durchs Leben","description":"Julia Weigmann","publisher":{"@id":"https:\/\/www.l\u00f6wenstarkdurchsleben.at\/#\/schema\/person\/ce480c8fd6e981338421475e7a3509ab"},"potentialAction":[{"@type":"SearchAction","target":{"@type":"EntryPoint","urlTemplate":"https:\/\/www.l\u00f6wenstarkdurchsleben.at\/?s={search_term_string}"},"query-input":{"@type":"PropertyValueSpecification","valueRequired":true,"valueName":"search_term_string"}}],"inLanguage":"de"},{"@type":["Person","Organization"],"@id":"https:\/\/www.l\u00f6wenstarkdurchsleben.at\/#\/schema\/person\/ce480c8fd6e981338421475e7a3509ab","name":"drajul","image":{"@type":"ImageObject","inLanguage":"de","@id":"https:\/\/www.l\u00f6wenstarkdurchsleben.at\/#\/schema\/person\/image\/","url":"https:\/\/xn--lwenstarkdurchsleben-39b.at\/wp-content\/uploads\/2021\/10\/Screenshot_20210805-082837_Chrome-Photoroom.png-Photoroom.png","contentUrl":"https:\/\/xn--lwenstarkdurchsleben-39b.at\/wp-content\/uploads\/2021\/10\/Screenshot_20210805-082837_Chrome-Photoroom.png-Photoroom.png","width":1080,"height":1153,"caption":"drajul"},"logo":{"@id":"https:\/\/www.l\u00f6wenstarkdurchsleben.at\/#\/schema\/person\/image\/"}}]}},"_links":{"self":[{"href":"https:\/\/www.l\u00f6wenstarkdurchsleben.at\/index.php?rest_route=\/wp\/v2\/pages\/3088","targetHints":{"allow":["GET"]}}],"collection":[{"href":"https:\/\/www.l\u00f6wenstarkdurchsleben.at\/index.php?rest_route=\/wp\/v2\/pages"}],"about":[{"href":"https:\/\/www.l\u00f6wenstarkdurchsleben.at\/index.php?rest_route=\/wp\/v2\/types\/page"}],"author":[{"embeddable":true,"href":"https:\/\/www.l\u00f6wenstarkdurchsleben.at\/index.php?rest_route=\/wp\/v2\/users\/2"}],"replies":[{"embeddable":true,"href":"https:\/\/www.l\u00f6wenstarkdurchsleben.at\/index.php?rest_route=%2Fwp%2Fv2%2Fcomments&post=3088"}],"version-history":[{"count":47,"href":"https:\/\/www.l\u00f6wenstarkdurchsleben.at\/index.php?rest_route=\/wp\/v2\/pages\/3088\/revisions"}],"predecessor-version":[{"id":4291,"href":"https:\/\/www.l\u00f6wenstarkdurchsleben.at\/index.php?rest_route=\/wp\/v2\/pages\/3088\/revisions\/4291"}],"wp:attachment":[{"href":"https:\/\/www.l\u00f6wenstarkdurchsleben.at\/index.php?rest_route=%2Fwp%2Fv2%2Fmedia&parent=3088"}],"curies":[{"name":"wp","href":"https:\/\/api.w.org\/{rel}","templated":true}]}}