{"id":1484,"date":"2022-06-29T11:28:02","date_gmt":"2022-06-29T11:28:02","guid":{"rendered":"https:\/\/xn--lwenstarkdurchsleben-39b.at\/?page_id=1484"},"modified":"2022-07-05T12:10:47","modified_gmt":"2022-07-05T12:10:47","slug":"energiearbeit","status":"publish","type":"page","link":"https:\/\/www.l\u00f6wenstarkdurchsleben.at\/?page_id=1484","title":{"rendered":"Energiearbeit"},"content":{"rendered":"\t\t<div data-elementor-type=\"wp-page\" data-elementor-id=\"1484\" class=\"elementor elementor-1484\">\n\t\t\t\t\t\t<section class=\"elementor-section elementor-top-section elementor-element elementor-element-30738d9 elementor-section-stretched elementor-section-boxed elementor-section-height-default elementor-section-height-default\" data-id=\"30738d9\" data-element_type=\"section\" data-settings=\"{&quot;stretch_section&quot;:&quot;section-stretched&quot;}\">\n\t\t\t\t\t\t<div class=\"elementor-container elementor-column-gap-default\">\n\t\t\t\t\t<div class=\"elementor-column elementor-col-100 elementor-top-column elementor-element elementor-element-ac3418b\" data-id=\"ac3418b\" data-element_type=\"column\">\n\t\t\t<div class=\"elementor-widget-wrap elementor-element-populated\">\n\t\t\t\t\t\t<div class=\"elementor-element elementor-element-8f883d7 elementor--h-position-center elementor--v-position-middle elementor-arrows-position-inside elementor-pagination-position-inside elementor-widget elementor-widget-slides\" data-id=\"8f883d7\" data-element_type=\"widget\" data-settings=\"{&quot;navigation&quot;:&quot;both&quot;,&quot;autoplay&quot;:&quot;yes&quot;,&quot;pause_on_hover&quot;:&quot;yes&quot;,&quot;pause_on_interaction&quot;:&quot;yes&quot;,&quot;autoplay_speed&quot;:5000,&quot;infinite&quot;:&quot;yes&quot;,&quot;transition&quot;:&quot;slide&quot;,&quot;transition_speed&quot;:500}\" data-widget_type=\"slides.default\">\n\t\t\t\t<div class=\"elementor-widget-container\">\n\t\t\t<style>\/*! elementor-pro - v3.4.2 - 12-10-2021 *\/\n.elementor-slides .swiper-slide-bg{-webkit-background-size:cover;background-size:cover;background-position:50%;background-repeat:no-repeat;min-width:100%;min-height:100%}.elementor-slides .swiper-slide-inner{background-repeat:no-repeat;background-position:50%;position:absolute;top:0;left:0;bottom:0;right:0;padding:50px;margin:auto}.elementor-slides .swiper-slide-inner,.elementor-slides .swiper-slide-inner:hover{color:#fff;display:-webkit-box;display:-ms-flexbox;display:flex}.elementor-slides .swiper-slide-inner .elementor-background-overlay{position:absolute;z-index:0;top:0;bottom:0;left:0;right:0}.elementor-slides .swiper-slide-inner .elementor-slide-content{position:relative;z-index:1;width:100%}.elementor-slides .swiper-slide-inner .elementor-slide-heading{font-size:35px;font-weight:700;line-height:1}.elementor-slides .swiper-slide-inner .elementor-slide-description{font-size:17px;line-height:1.4}.elementor-slides .swiper-slide-inner .elementor-slide-description:not(:last-child),.elementor-slides .swiper-slide-inner .elementor-slide-heading:not(:last-child){margin-bottom:30px}.elementor-slides .swiper-slide-inner .elementor-slide-button{border:2px solid #fff;color:#fff;background:transparent;display:inline-block}.elementor-slides .swiper-slide-inner .elementor-slide-button,.elementor-slides .swiper-slide-inner .elementor-slide-button:hover{background:transparent;color:inherit;text-decoration:none}.elementor--v-position-top .swiper-slide-inner{-webkit-box-align:start;-ms-flex-align:start;align-items:flex-start}.elementor--v-position-bottom .swiper-slide-inner{-webkit-box-align:end;-ms-flex-align:end;align-items:flex-end}.elementor--v-position-middle .swiper-slide-inner{-webkit-box-align:center;-ms-flex-align:center;align-items:center}.elementor--h-position-left .swiper-slide-inner{-webkit-box-pack:start;-ms-flex-pack:start;justify-content:flex-start}.elementor--h-position-right .swiper-slide-inner{-webkit-box-pack:end;-ms-flex-pack:end;justify-content:flex-end}.elementor--h-position-center .swiper-slide-inner{-webkit-box-pack:center;-ms-flex-pack:center;justify-content:center}body.rtl .elementor-widget-slides .elementor-swiper-button-next{left:10px;right:auto}body.rtl .elementor-widget-slides .elementor-swiper-button-prev{right:10px;left:auto}.elementor-slides-wrapper div:not(.swiper-slide)>.swiper-slide-inner{display:none}@media (max-width:767px){.elementor-slides .swiper-slide-inner{padding:30px}.elementor-slides .swiper-slide-inner .elementor-slide-heading{font-size:23px;line-height:1;margin-bottom:15px}.elementor-slides .swiper-slide-inner .elementor-slide-description{font-size:13px;line-height:1.4;margin-bottom:15px}}<\/style>\t\t<div class=\"elementor-swiper\">\n\t\t\t<div class=\"elementor-slides-wrapper elementor-main-swiper swiper-container\" dir=\"ltr\" data-animation=\"zoomIn\">\n\t\t\t\t<div class=\"swiper-wrapper elementor-slides\">\n\t\t\t\t\t<div class=\"elementor-repeater-item-02f7cde swiper-slide\"><div class=\"swiper-slide-bg\"><\/div><div class=\"elementor-background-overlay\"><\/div><div class=\"swiper-slide-inner\" ><div class=\"swiper-slide-contents\"><div class=\"elementor-slide-heading\">Cranio-Sacrale Balance<\/div><div class=\"elementor-slide-description\">Ich bringe dein K\u00f6rpersystem und\/oder das deines Kindes durch sanfte Ber\u00fchrungen (wieder) zum Schwingen, rege Selbstheilungsprozesse an und versorge K\u00f6rper und Seele mit neuer Energie, Leichtigkeit, Balance und Bewegungsfreiheit.<\/div><a href=\"https:\/\/xn--lwenstarkdurchsleben-39b.at\/?page_id=1094\" class=\"elementor-button elementor-slide-button elementor-size-sm\">See more<\/a><\/div><\/div><\/div><div class=\"elementor-repeater-item-c7e527b swiper-slide\"><div class=\"swiper-slide-bg\"><\/div><div class=\"elementor-background-overlay\"><\/div><div class=\"swiper-slide-inner\" ><div class=\"swiper-slide-contents\"><div class=\"elementor-slide-heading\">Karten Reading<\/div><div class=\"elementor-slide-description\">Ein Karten Reading erm\u00f6glicht dir tiefere Einblicke in dein momentanes Anliegen. Die Karten k\u00f6nnen dir verborgene Gedankenmuster, blockierende innere Einstellungen, \u00e4u\u00dfere Einfl\u00fcsse, alte Verletzungen oder Kr\u00e4nkungen, \u2026 aufzeigen. Dadurch erf\u00e4hrst du wie es dir gelingen kann, deinen Lebensweg bewusster zu gestalten und*oder welche Richtungs\u00e4nderungen es eventuell zu setzen gibt.<\/div><a href=\"https:\/\/xn--lwenstarkdurchsleben-39b.at\/?page_id=1133\" class=\"elementor-button elementor-slide-button elementor-size-sm\">See more<\/a><\/div><\/div><\/div><div class=\"elementor-repeater-item-b214224 swiper-slide\"><div class=\"swiper-slide-bg\"><\/div><div class=\"elementor-background-overlay\"><\/div><div class=\"swiper-slide-inner\" ><div class=\"swiper-slide-contents\"><div class=\"elementor-slide-heading\">Seelengespr\u00e4che<\/div><div class=\"elementor-slide-description\">Seelengespr\u00e4che sind telepathische Gespr\u00e4che mit Lebewesen, die sich (noch) nicht durchs Sprechen mit Worten, mitteilen k\u00f6nnen. Ich biete sie f\u00fcr Tiere, Babys & Kleinkinder oder Lebewesen, die bereits \u00fcber die Regenbogenbr\u00fccke gegangen sind, an. Wenn ein Gespr\u00e4ch alleine nicht ausreicht, um deinem Tier, Baby oder Kleinkind zu helfen, reinige und entst\u00f6re ich noch zus\u00e4tzlich das Energiefeld.<\/div><a href=\"https:\/\/xn--lwenstarkdurchsleben-39b.at\/?page_id=1490\" class=\"elementor-button elementor-slide-button elementor-size-sm\">See more<\/a><\/div><\/div><\/div>\t\t\t\t<\/div>\n\t\t\t\t\t\t\t\t\t\t\t\t\t\t\t<div class=\"swiper-pagination\"><\/div>\n\t\t\t\t\t\t\t\t\t\t\t\t\t\t\t\t<div class=\"elementor-swiper-button elementor-swiper-button-prev\">\n\t\t\t\t\t\t\t<i aria-hidden=\"true\" class=\"eicon-chevron-left\"><\/i>\t\t\t\t\t\t\t<span class=\"elementor-screen-only\">Voriger<\/span>\n\t\t\t\t\t\t<\/div>\n\t\t\t\t\t\t<div class=\"elementor-swiper-button elementor-swiper-button-next\">\n\t\t\t\t\t\t\t<i aria-hidden=\"true\" class=\"eicon-chevron-right\"><\/i>\t\t\t\t\t\t\t<span class=\"elementor-screen-only\">N\u00e4chster<\/span>\n\t\t\t\t\t\t<\/div>\n\t\t\t\t\t\t\t\t\t\t\t\t<\/div>\n\t\t<\/div>\n\t\t\t\t<\/div>\n\t\t\t\t<\/div>\n\t\t\t\t\t<\/div>\n\t\t<\/div>\n\t\t\t\t\t<\/div>\n\t\t<\/section>\n\t\t\t\t<section class=\"elementor-section elementor-top-section elementor-element elementor-element-075580c elementor-section-boxed elementor-section-height-default elementor-section-height-default\" data-id=\"075580c\" data-element_type=\"section\">\n\t\t\t\t\t\t<div class=\"elementor-container elementor-column-gap-default\">\n\t\t\t\t\t<div class=\"elementor-column elementor-col-100 elementor-top-column elementor-element elementor-element-bb6aec3\" data-id=\"bb6aec3\" data-element_type=\"column\">\n\t\t\t<div class=\"elementor-widget-wrap\">\n\t\t\t\t\t\t\t<\/div>\n\t\t<\/div>\n\t\t\t\t\t<\/div>\n\t\t<\/section>\n\t\t\t\t<\/div>\n\t\t","protected":false},"excerpt":{"rendered":"<p>Cranio-Sacrale BalanceIch bringe dein K\u00f6rpersystem und\/oder das deines Kindes durch sanfte Ber\u00fchrungen (wieder) zum Schwingen, rege Selbstheilungsprozesse an und versorge K\u00f6rper und Seele mit neuer Energie, Leichtigkeit, Balance und Bewegungsfreiheit.See moreKarten ReadingEin Karten Reading erm\u00f6glicht dir tiefere Einblicke in dein momentanes Anliegen. Die Karten k\u00f6nnen dir verborgene Gedankenmuster, blockierende innere Einstellungen, \u00e4u\u00dfere Einfl\u00fcsse, alte Verletzungen [&hellip;]<\/p>\n","protected":false},"author":2,"featured_media":0,"parent":0,"menu_order":0,"comment_status":"closed","ping_status":"closed","template":"","meta":{"footnotes":""},"class_list":["post-1484","page","type-page","status-publish","hentry"],"yoast_head":"<!-- This site is optimized with the Yoast SEO plugin v25.2 - https:\/\/yoast.com\/wordpress\/plugins\/seo\/ -->\n<title>Energiearbeit - L\u00f6wenstark durch&#039;s Leben<\/title>\n<meta name=\"robots\" content=\"index, follow, max-snippet:-1, max-image-preview:large, max-video-preview:-1\" \/>\n<link rel=\"canonical\" href=\"https:\/\/www.l\u00f6wenstarkdurchsleben.at\/?page_id=1484\" \/>\n<meta property=\"og:locale\" content=\"de_DE\" \/>\n<meta property=\"og:type\" content=\"article\" \/>\n<meta property=\"og:title\" content=\"Energiearbeit - L\u00f6wenstark durch&#039;s Leben\" \/>\n<meta property=\"og:description\" content=\"Cranio-Sacrale BalanceIch bringe dein K\u00f6rpersystem und\/oder das deines Kindes durch sanfte Ber\u00fchrungen (wieder) zum Schwingen, rege Selbstheilungsprozesse an und versorge K\u00f6rper und Seele mit neuer Energie, Leichtigkeit, Balance und Bewegungsfreiheit.See moreKarten ReadingEin Karten Reading erm\u00f6glicht dir tiefere Einblicke in dein momentanes Anliegen. Die Karten k\u00f6nnen dir verborgene Gedankenmuster, blockierende innere Einstellungen, \u00e4u\u00dfere Einfl\u00fcsse, alte Verletzungen [&hellip;]\" \/>\n<meta property=\"og:url\" content=\"https:\/\/www.l\u00f6wenstarkdurchsleben.at\/?page_id=1484\" \/>\n<meta property=\"og:site_name\" content=\"L\u00f6wenstark durch&#039;s Leben\" \/>\n<meta property=\"article:modified_time\" content=\"2022-07-05T12:10:47+00:00\" \/>\n<meta name=\"twitter:card\" content=\"summary_large_image\" \/>\n<meta name=\"twitter:label1\" content=\"Gesch\u00e4tzte Lesezeit\" \/>\n\t<meta name=\"twitter:data1\" content=\"1\u00a0Minute\" \/>\n<script type=\"application\/ld+json\" class=\"yoast-schema-graph\">{\"@context\":\"https:\/\/schema.org\",\"@graph\":[{\"@type\":\"WebPage\",\"@id\":\"https:\/\/www.l\u00f6wenstarkdurchsleben.at\/?page_id=1484\",\"url\":\"https:\/\/www.l\u00f6wenstarkdurchsleben.at\/?page_id=1484\",\"name\":\"Energiearbeit - L\u00f6wenstark durch&#039;s Leben\",\"isPartOf\":{\"@id\":\"https:\/\/www.l\u00f6wenstarkdurchsleben.at\/#website\"},\"datePublished\":\"2022-06-29T11:28:02+00:00\",\"dateModified\":\"2022-07-05T12:10:47+00:00\",\"breadcrumb\":{\"@id\":\"https:\/\/www.l\u00f6wenstarkdurchsleben.at\/?page_id=1484#breadcrumb\"},\"inLanguage\":\"de\",\"potentialAction\":[{\"@type\":\"ReadAction\",\"target\":[\"https:\/\/www.l\u00f6wenstarkdurchsleben.at\/?page_id=1484\"]}]},{\"@type\":\"BreadcrumbList\",\"@id\":\"https:\/\/www.l\u00f6wenstarkdurchsleben.at\/?page_id=1484#breadcrumb\",\"itemListElement\":[{\"@type\":\"ListItem\",\"position\":1,\"name\":\"Startseite\",\"item\":\"https:\/\/www.l\u00f6wenstarkdurchsleben.at\/\"},{\"@type\":\"ListItem\",\"position\":2,\"name\":\"Energiearbeit\"}]},{\"@type\":\"WebSite\",\"@id\":\"https:\/\/www.l\u00f6wenstarkdurchsleben.at\/#website\",\"url\":\"https:\/\/www.l\u00f6wenstarkdurchsleben.at\/\",\"name\":\"L\u00f6wenstark durchs Leben\",\"description\":\"Julia Weigmann\",\"publisher\":{\"@id\":\"https:\/\/www.l\u00f6wenstarkdurchsleben.at\/#\/schema\/person\/ce480c8fd6e981338421475e7a3509ab\"},\"potentialAction\":[{\"@type\":\"SearchAction\",\"target\":{\"@type\":\"EntryPoint\",\"urlTemplate\":\"https:\/\/www.l\u00f6wenstarkdurchsleben.at\/?s={search_term_string}\"},\"query-input\":{\"@type\":\"PropertyValueSpecification\",\"valueRequired\":true,\"valueName\":\"search_term_string\"}}],\"inLanguage\":\"de\"},{\"@type\":[\"Person\",\"Organization\"],\"@id\":\"https:\/\/www.l\u00f6wenstarkdurchsleben.at\/#\/schema\/person\/ce480c8fd6e981338421475e7a3509ab\",\"name\":\"drajul\",\"image\":{\"@type\":\"ImageObject\",\"inLanguage\":\"de\",\"@id\":\"https:\/\/www.l\u00f6wenstarkdurchsleben.at\/#\/schema\/person\/image\/\",\"url\":\"https:\/\/xn--lwenstarkdurchsleben-39b.at\/wp-content\/uploads\/2021\/10\/Screenshot_20210805-082837_Chrome-Photoroom.png-Photoroom.png\",\"contentUrl\":\"https:\/\/xn--lwenstarkdurchsleben-39b.at\/wp-content\/uploads\/2021\/10\/Screenshot_20210805-082837_Chrome-Photoroom.png-Photoroom.png\",\"width\":1080,\"height\":1153,\"caption\":\"drajul\"},\"logo\":{\"@id\":\"https:\/\/www.l\u00f6wenstarkdurchsleben.at\/#\/schema\/person\/image\/\"}}]}<\/script>\n<!-- \/ Yoast SEO plugin. -->","yoast_head_json":{"title":"Energiearbeit - L\u00f6wenstark durch&#039;s Leben","robots":{"index":"index","follow":"follow","max-snippet":"max-snippet:-1","max-image-preview":"max-image-preview:large","max-video-preview":"max-video-preview:-1"},"canonical":"https:\/\/www.l\u00f6wenstarkdurchsleben.at\/?page_id=1484","og_locale":"de_DE","og_type":"article","og_title":"Energiearbeit - L\u00f6wenstark durch&#039;s Leben","og_description":"Cranio-Sacrale BalanceIch bringe dein K\u00f6rpersystem und\/oder das deines Kindes durch sanfte Ber\u00fchrungen (wieder) zum Schwingen, rege Selbstheilungsprozesse an und versorge K\u00f6rper und Seele mit neuer Energie, Leichtigkeit, Balance und Bewegungsfreiheit.See moreKarten ReadingEin Karten Reading erm\u00f6glicht dir tiefere Einblicke in dein momentanes Anliegen. Die Karten k\u00f6nnen dir verborgene Gedankenmuster, blockierende innere Einstellungen, \u00e4u\u00dfere Einfl\u00fcsse, alte Verletzungen [&hellip;]","og_url":"https:\/\/www.l\u00f6wenstarkdurchsleben.at\/?page_id=1484","og_site_name":"L\u00f6wenstark durch&#039;s Leben","article_modified_time":"2022-07-05T12:10:47+00:00","twitter_card":"summary_large_image","twitter_misc":{"Gesch\u00e4tzte Lesezeit":"1\u00a0Minute"},"schema":{"@context":"https:\/\/schema.org","@graph":[{"@type":"WebPage","@id":"https:\/\/www.l\u00f6wenstarkdurchsleben.at\/?page_id=1484","url":"https:\/\/www.l\u00f6wenstarkdurchsleben.at\/?page_id=1484","name":"Energiearbeit - L\u00f6wenstark durch&#039;s Leben","isPartOf":{"@id":"https:\/\/www.l\u00f6wenstarkdurchsleben.at\/#website"},"datePublished":"2022-06-29T11:28:02+00:00","dateModified":"2022-07-05T12:10:47+00:00","breadcrumb":{"@id":"https:\/\/www.l\u00f6wenstarkdurchsleben.at\/?page_id=1484#breadcrumb"},"inLanguage":"de","potentialAction":[{"@type":"ReadAction","target":["https:\/\/www.l\u00f6wenstarkdurchsleben.at\/?page_id=1484"]}]},{"@type":"BreadcrumbList","@id":"https:\/\/www.l\u00f6wenstarkdurchsleben.at\/?page_id=1484#breadcrumb","itemListElement":[{"@type":"ListItem","position":1,"name":"Startseite","item":"https:\/\/www.l\u00f6wenstarkdurchsleben.at\/"},{"@type":"ListItem","position":2,"name":"Energiearbeit"}]},{"@type":"WebSite","@id":"https:\/\/www.l\u00f6wenstarkdurchsleben.at\/#website","url":"https:\/\/www.l\u00f6wenstarkdurchsleben.at\/","name":"L\u00f6wenstark durchs Leben","description":"Julia Weigmann","publisher":{"@id":"https:\/\/www.l\u00f6wenstarkdurchsleben.at\/#\/schema\/person\/ce480c8fd6e981338421475e7a3509ab"},"potentialAction":[{"@type":"SearchAction","target":{"@type":"EntryPoint","urlTemplate":"https:\/\/www.l\u00f6wenstarkdurchsleben.at\/?s={search_term_string}"},"query-input":{"@type":"PropertyValueSpecification","valueRequired":true,"valueName":"search_term_string"}}],"inLanguage":"de"},{"@type":["Person","Organization"],"@id":"https:\/\/www.l\u00f6wenstarkdurchsleben.at\/#\/schema\/person\/ce480c8fd6e981338421475e7a3509ab","name":"drajul","image":{"@type":"ImageObject","inLanguage":"de","@id":"https:\/\/www.l\u00f6wenstarkdurchsleben.at\/#\/schema\/person\/image\/","url":"https:\/\/xn--lwenstarkdurchsleben-39b.at\/wp-content\/uploads\/2021\/10\/Screenshot_20210805-082837_Chrome-Photoroom.png-Photoroom.png","contentUrl":"https:\/\/xn--lwenstarkdurchsleben-39b.at\/wp-content\/uploads\/2021\/10\/Screenshot_20210805-082837_Chrome-Photoroom.png-Photoroom.png","width":1080,"height":1153,"caption":"drajul"},"logo":{"@id":"https:\/\/www.l\u00f6wenstarkdurchsleben.at\/#\/schema\/person\/image\/"}}]}},"_links":{"self":[{"href":"https:\/\/www.l\u00f6wenstarkdurchsleben.at\/index.php?rest_route=\/wp\/v2\/pages\/1484","targetHints":{"allow":["GET"]}}],"collection":[{"href":"https:\/\/www.l\u00f6wenstarkdurchsleben.at\/index.php?rest_route=\/wp\/v2\/pages"}],"about":[{"href":"https:\/\/www.l\u00f6wenstarkdurchsleben.at\/index.php?rest_route=\/wp\/v2\/types\/page"}],"author":[{"embeddable":true,"href":"https:\/\/www.l\u00f6wenstarkdurchsleben.at\/index.php?rest_route=\/wp\/v2\/users\/2"}],"replies":[{"embeddable":true,"href":"https:\/\/www.l\u00f6wenstarkdurchsleben.at\/index.php?rest_route=%2Fwp%2Fv2%2Fcomments&post=1484"}],"version-history":[{"count":31,"href":"https:\/\/www.l\u00f6wenstarkdurchsleben.at\/index.php?rest_route=\/wp\/v2\/pages\/1484\/revisions"}],"predecessor-version":[{"id":2193,"href":"https:\/\/www.l\u00f6wenstarkdurchsleben.at\/index.php?rest_route=\/wp\/v2\/pages\/1484\/revisions\/2193"}],"wp:attachment":[{"href":"https:\/\/www.l\u00f6wenstarkdurchsleben.at\/index.php?rest_route=%2Fwp%2Fv2%2Fmedia&parent=1484"}],"curies":[{"name":"wp","href":"https:\/\/api.w.org\/{rel}","templated":true}]}}